{"id":11296,"date":"2026-03-05T17:57:42","date_gmt":"2026-03-05T16:57:42","guid":{"rendered":"https:\/\/www.santacole.com\/product\/the-house-of-xavier-corbero-HOXALI"},"modified":"2026-04-09T04:37:37","modified_gmt":"2026-04-09T02:37:37","slug":"the-house-of-xavier-corbero-hoxali","status":"publish","type":"product","link":"https:\/\/www.santacole.com\/es\/libros\/distribuciones\/the-house-of-xavier-corbero-hoxali\/","title":{"rendered":"The House of Xavier Corber\u00f3"},"content":{"rendered":"","protected":false},"excerpt":{"rendered":"<p>Primer libro sobre la casa de Xavier Corber\u00f3 en Esplugues, un laberinto vital y art\u00edstico creado a lo largo de cinco d\u00e9cadas.<\/p>\n","protected":false},"featured_media":106811,"template":"","meta":{"_acf_changed":false},"product_collection":[],"product_family":[],"product_brand":[],"product_cat":[183,176],"product_tag":[],"class_list":{"0":"post-11296","1":"product","2":"type-product","3":"status-publish","4":"has-post-thumbnail","6":"product_cat-distribuciones","7":"product_cat-libros","8":"product_shipping_class-standard-en","9":"entry","11":"first","12":"instock","13":"taxable","14":"shipping-taxable","15":"product-type-simple"},"acf":[],"_links":{"self":[{"href":"https:\/\/www.santacole.com\/es\/wp-json\/wp\/v2\/product\/11296","targetHints":{"allow":["GET"]}}],"collection":[{"href":"https:\/\/www.santacole.com\/es\/wp-json\/wp\/v2\/product"}],"about":[{"href":"https:\/\/www.santacole.com\/es\/wp-json\/wp\/v2\/types\/product"}],"wp:featuredmedia":[{"embeddable":true,"href":"https:\/\/www.santacole.com\/es\/wp-json\/wp\/v2\/media\/106811"}],"wp:attachment":[{"href":"https:\/\/www.santacole.com\/es\/wp-json\/wp\/v2\/media?parent=11296"}],"wp:term":[{"taxonomy":"product_collection","embeddable":true,"href":"https:\/\/www.santacole.com\/es\/wp-json\/wp\/v2\/product_collection?post=11296"},{"taxonomy":"product_family","embeddable":true,"href":"https:\/\/www.santacole.com\/es\/wp-json\/wp\/v2\/product_family?post=11296"},{"taxonomy":"product_brand","embeddable":true,"href":"https:\/\/www.santacole.com\/es\/wp-json\/wp\/v2\/product_brand?post=11296"},{"taxonomy":"product_cat","embeddable":true,"href":"https:\/\/www.santacole.com\/es\/wp-json\/wp\/v2\/product_cat?post=11296"},{"taxonomy":"product_tag","embeddable":true,"href":"https:\/\/www.santacole.com\/es\/wp-json\/wp\/v2\/product_tag?post=11296"}],"curies":[{"name":"wp","href":"https:\/\/api.w.org\/{rel}","templated":true}]}}