{"id":11290,"date":"2026-03-05T17:57:24","date_gmt":"2026-03-05T16:57:24","guid":{"rendered":"https:\/\/www.santacole.com\/product\/the-modern-architecture-of-cadaques-1955-71-MOCALI"},"modified":"2026-03-05T17:57:42","modified_gmt":"2026-03-05T16:57:42","slug":"the-modern-architecture-of-cadaques-1955-71-mocali","status":"publish","type":"product","link":"https:\/\/www.santacole.com\/es\/libros\/distribuciones\/the-modern-architecture-of-cadaques-1955-71-mocali\/","title":{"rendered":"The Modern Architecture of Cadaqu\u00e9s: 1955\u201371"},"content":{"rendered":"","protected":false},"excerpt":{"rendered":"<p>Nacho Alegre retrata la arquitectura mediterr\u00e1nea de Cadaqu\u00e9s a trav\u00e9s de 22 casas y sus creadores.<\/p>\n","protected":false},"featured_media":106805,"template":"","meta":{"_acf_changed":false},"product_collection":[],"product_family":[],"product_brand":[],"product_cat":[183,176],"product_tag":[],"class_list":{"0":"post-11290","1":"product","2":"type-product","3":"status-publish","4":"has-post-thumbnail","6":"product_cat-distribuciones","7":"product_cat-libros","8":"product_shipping_class-standard-en","9":"entry","11":"first","12":"instock","13":"taxable","14":"shipping-taxable","15":"product-type-simple"},"acf":[],"_links":{"self":[{"href":"https:\/\/www.santacole.com\/es\/wp-json\/wp\/v2\/product\/11290","targetHints":{"allow":["GET"]}}],"collection":[{"href":"https:\/\/www.santacole.com\/es\/wp-json\/wp\/v2\/product"}],"about":[{"href":"https:\/\/www.santacole.com\/es\/wp-json\/wp\/v2\/types\/product"}],"wp:featuredmedia":[{"embeddable":true,"href":"https:\/\/www.santacole.com\/es\/wp-json\/wp\/v2\/media\/106805"}],"wp:attachment":[{"href":"https:\/\/www.santacole.com\/es\/wp-json\/wp\/v2\/media?parent=11290"}],"wp:term":[{"taxonomy":"product_collection","embeddable":true,"href":"https:\/\/www.santacole.com\/es\/wp-json\/wp\/v2\/product_collection?post=11290"},{"taxonomy":"product_family","embeddable":true,"href":"https:\/\/www.santacole.com\/es\/wp-json\/wp\/v2\/product_family?post=11290"},{"taxonomy":"product_brand","embeddable":true,"href":"https:\/\/www.santacole.com\/es\/wp-json\/wp\/v2\/product_brand?post=11290"},{"taxonomy":"product_cat","embeddable":true,"href":"https:\/\/www.santacole.com\/es\/wp-json\/wp\/v2\/product_cat?post=11290"},{"taxonomy":"product_tag","embeddable":true,"href":"https:\/\/www.santacole.com\/es\/wp-json\/wp\/v2\/product_tag?post=11290"}],"curies":[{"name":"wp","href":"https:\/\/api.w.org\/{rel}","templated":true}]}}