{"id":11243,"date":"2026-03-05T17:50:43","date_gmt":"2026-03-05T16:50:43","guid":{"rendered":"https:\/\/www.santacole.com\/product\/key-designs-ANKEDI"},"modified":"2026-03-05T17:51:06","modified_gmt":"2026-03-05T16:51:06","slug":"key-designs-ankedi","status":"publish","type":"product","link":"https:\/\/www.santacole.com\/es\/libros\/distribuciones\/key-designs-ankedi\/","title":{"rendered":"Key Designs"},"content":{"rendered":"","protected":false},"excerpt":{"rendered":"<p>Andr\u00e9 Ricard selecciona 100 dise\u00f1os que abren horizontes creativos y muestran la esencia cultural del dise\u00f1o.<\/p>\n","protected":false},"featured_media":106708,"template":"","meta":{"_acf_changed":false},"product_collection":[],"product_family":[],"product_brand":[],"product_cat":[183,176],"product_tag":[],"class_list":{"0":"post-11243","1":"product","2":"type-product","3":"status-publish","4":"has-post-thumbnail","6":"product_cat-distribuciones","7":"product_cat-libros","8":"product_shipping_class-standard-en","9":"entry","11":"first","12":"instock","13":"taxable","14":"shipping-taxable","15":"product-type-simple"},"acf":[],"_links":{"self":[{"href":"https:\/\/www.santacole.com\/es\/wp-json\/wp\/v2\/product\/11243","targetHints":{"allow":["GET"]}}],"collection":[{"href":"https:\/\/www.santacole.com\/es\/wp-json\/wp\/v2\/product"}],"about":[{"href":"https:\/\/www.santacole.com\/es\/wp-json\/wp\/v2\/types\/product"}],"wp:featuredmedia":[{"embeddable":true,"href":"https:\/\/www.santacole.com\/es\/wp-json\/wp\/v2\/media\/106708"}],"wp:attachment":[{"href":"https:\/\/www.santacole.com\/es\/wp-json\/wp\/v2\/media?parent=11243"}],"wp:term":[{"taxonomy":"product_collection","embeddable":true,"href":"https:\/\/www.santacole.com\/es\/wp-json\/wp\/v2\/product_collection?post=11243"},{"taxonomy":"product_family","embeddable":true,"href":"https:\/\/www.santacole.com\/es\/wp-json\/wp\/v2\/product_family?post=11243"},{"taxonomy":"product_brand","embeddable":true,"href":"https:\/\/www.santacole.com\/es\/wp-json\/wp\/v2\/product_brand?post=11243"},{"taxonomy":"product_cat","embeddable":true,"href":"https:\/\/www.santacole.com\/es\/wp-json\/wp\/v2\/product_cat?post=11243"},{"taxonomy":"product_tag","embeddable":true,"href":"https:\/\/www.santacole.com\/es\/wp-json\/wp\/v2\/product_tag?post=11243"}],"curies":[{"name":"wp","href":"https:\/\/api.w.org\/{rel}","templated":true}]}}