{"id":11225,"date":"2026-03-05T17:48:49","date_gmt":"2026-03-05T16:48:49","guid":{"rendered":"https:\/\/www.santacole.com\/product\/andre-ricard-un-silencioso-combate-ANDRILI"},"modified":"2026-03-05T17:49:07","modified_gmt":"2026-03-05T16:49:07","slug":"andre-ricard-un-silencioso-combate-andrili","status":"publish","type":"product","link":"https:\/\/www.santacole.com\/es\/libros\/los-ojos-fertiles\/andre-ricard-un-silencioso-combate-andrili\/","title":{"rendered":"Andr\u00e9 Ricard, un silencioso combate"},"content":{"rendered":"","protected":false},"excerpt":{"rendered":"<p>Biograf\u00eda intelectual de Andr\u00e9 Ricard, pionero del dise\u00f1o espa\u00f1ol cuya obra te\u00f3rica revela una \u00e9tica social del dise\u00f1o.<\/p>\n","protected":false},"featured_media":106674,"template":"","meta":{"_acf_changed":false},"product_collection":[],"product_family":[],"product_brand":[],"product_cat":[179,176],"product_tag":[],"class_list":{"0":"post-11225","1":"product","2":"type-product","3":"status-publish","4":"has-post-thumbnail","6":"product_cat-los-ojos-fertiles","7":"product_cat-libros","8":"product_shipping_class-standard-en","9":"entry","11":"first","12":"instock","13":"taxable","14":"shipping-taxable","15":"product-type-simple"},"acf":[],"_links":{"self":[{"href":"https:\/\/www.santacole.com\/es\/wp-json\/wp\/v2\/product\/11225","targetHints":{"allow":["GET"]}}],"collection":[{"href":"https:\/\/www.santacole.com\/es\/wp-json\/wp\/v2\/product"}],"about":[{"href":"https:\/\/www.santacole.com\/es\/wp-json\/wp\/v2\/types\/product"}],"wp:featuredmedia":[{"embeddable":true,"href":"https:\/\/www.santacole.com\/es\/wp-json\/wp\/v2\/media\/106674"}],"wp:attachment":[{"href":"https:\/\/www.santacole.com\/es\/wp-json\/wp\/v2\/media?parent=11225"}],"wp:term":[{"taxonomy":"product_collection","embeddable":true,"href":"https:\/\/www.santacole.com\/es\/wp-json\/wp\/v2\/product_collection?post=11225"},{"taxonomy":"product_family","embeddable":true,"href":"https:\/\/www.santacole.com\/es\/wp-json\/wp\/v2\/product_family?post=11225"},{"taxonomy":"product_brand","embeddable":true,"href":"https:\/\/www.santacole.com\/es\/wp-json\/wp\/v2\/product_brand?post=11225"},{"taxonomy":"product_cat","embeddable":true,"href":"https:\/\/www.santacole.com\/es\/wp-json\/wp\/v2\/product_cat?post=11225"},{"taxonomy":"product_tag","embeddable":true,"href":"https:\/\/www.santacole.com\/es\/wp-json\/wp\/v2\/product_tag?post=11225"}],"curies":[{"name":"wp","href":"https:\/\/api.w.org\/{rel}","templated":true}]}}