{"id":11212,"date":"2026-03-05T17:46:54","date_gmt":"2026-03-05T16:46:54","guid":{"rendered":"https:\/\/www.santacole.com\/product\/la-barcelona-del-diseno-BCDLI"},"modified":"2026-03-05T17:47:13","modified_gmt":"2026-03-05T16:47:13","slug":"la-barcelona-del-diseno-bcdli","status":"publish","type":"product","link":"https:\/\/www.santacole.com\/es\/libros\/los-ojos-fertiles\/la-barcelona-del-diseno-bcdli\/","title":{"rendered":"La Barcelona del dise\u00f1o"},"content":{"rendered":"","protected":false},"excerpt":{"rendered":"<p>Recorrido por la historia del dise\u00f1o en Barcelona, desde los 60, entre identidad local, modernidad y proyecci\u00f3n urbana.<\/p>\n","protected":false},"featured_media":106649,"template":"","meta":{"_acf_changed":false},"product_collection":[],"product_family":[],"product_brand":[],"product_cat":[179,176],"product_tag":[],"class_list":{"0":"post-11212","1":"product","2":"type-product","3":"status-publish","4":"has-post-thumbnail","6":"product_cat-los-ojos-fertiles","7":"product_cat-libros","8":"product_shipping_class-standard-en","9":"entry","11":"first","12":"instock","13":"taxable","14":"shipping-taxable","15":"product-type-simple"},"acf":[],"distributor_meta":false,"distributor_terms":false,"distributor_media":false,"distributor_original_site_name":"Santa &amp; Cole","distributor_original_site_url":"https:\/\/www.santacole.com\/es\/","push-errors":false,"_links":{"self":[{"href":"https:\/\/www.santacole.com\/es\/wp-json\/wp\/v2\/product\/11212","targetHints":{"allow":["GET"]}}],"collection":[{"href":"https:\/\/www.santacole.com\/es\/wp-json\/wp\/v2\/product"}],"about":[{"href":"https:\/\/www.santacole.com\/es\/wp-json\/wp\/v2\/types\/product"}],"wp:featuredmedia":[{"embeddable":true,"href":"https:\/\/www.santacole.com\/es\/wp-json\/wp\/v2\/media\/106649"}],"wp:attachment":[{"href":"https:\/\/www.santacole.com\/es\/wp-json\/wp\/v2\/media?parent=11212"}],"wp:term":[{"taxonomy":"product_collection","embeddable":true,"href":"https:\/\/www.santacole.com\/es\/wp-json\/wp\/v2\/product_collection?post=11212"},{"taxonomy":"product_family","embeddable":true,"href":"https:\/\/www.santacole.com\/es\/wp-json\/wp\/v2\/product_family?post=11212"},{"taxonomy":"product_brand","embeddable":true,"href":"https:\/\/www.santacole.com\/es\/wp-json\/wp\/v2\/product_brand?post=11212"},{"taxonomy":"product_cat","embeddable":true,"href":"https:\/\/www.santacole.com\/es\/wp-json\/wp\/v2\/product_cat?post=11212"},{"taxonomy":"product_tag","embeddable":true,"href":"https:\/\/www.santacole.com\/es\/wp-json\/wp\/v2\/product_tag?post=11212"}],"curies":[{"name":"wp","href":"https:\/\/api.w.org\/{rel}","templated":true}]}}