{"id":11209,"date":"2026-03-05T17:46:33","date_gmt":"2026-03-05T16:46:33","guid":{"rendered":"https:\/\/www.santacole.com\/product\/diez-anos-luz-AXMLI"},"modified":"2026-03-05T17:46:54","modified_gmt":"2026-03-05T16:46:54","slug":"diez-anos-luz-axmli","status":"publish","type":"product","link":"https:\/\/www.santacole.com\/es\/libros\/biografias-de-diseno\/diez-anos-luz-axmli\/","title":{"rendered":"Diez a\u00f1os luz"},"content":{"rendered":"","protected":false},"excerpt":{"rendered":"<p>Libro que acompa\u00f1\u00f3 la exposici\u00f3n\u00a0Diez a\u00f1os luz\u00a0y muestra diez a\u00f1os de creaci\u00f3n lum\u00ednica de Antoni Arola.<\/p>\n","protected":false},"featured_media":106643,"template":"","meta":{"_acf_changed":false},"product_collection":[],"product_family":[],"product_brand":[],"product_cat":[177,176],"product_tag":[],"class_list":{"0":"post-11209","1":"product","2":"type-product","3":"status-publish","4":"has-post-thumbnail","6":"product_cat-biografias-de-diseno","7":"product_cat-libros","8":"product_shipping_class-estandar-es","9":"product_shipping_class-standard-en","10":"entry","12":"first","13":"instock","14":"taxable","15":"shipping-taxable","16":"product-type-simple"},"acf":[],"distributor_meta":false,"distributor_terms":false,"distributor_media":false,"distributor_original_site_name":"Santa &amp; Cole","distributor_original_site_url":"https:\/\/www.santacole.com\/es\/","push-errors":false,"_links":{"self":[{"href":"https:\/\/www.santacole.com\/es\/wp-json\/wp\/v2\/product\/11209","targetHints":{"allow":["GET"]}}],"collection":[{"href":"https:\/\/www.santacole.com\/es\/wp-json\/wp\/v2\/product"}],"about":[{"href":"https:\/\/www.santacole.com\/es\/wp-json\/wp\/v2\/types\/product"}],"wp:featuredmedia":[{"embeddable":true,"href":"https:\/\/www.santacole.com\/es\/wp-json\/wp\/v2\/media\/106643"}],"wp:attachment":[{"href":"https:\/\/www.santacole.com\/es\/wp-json\/wp\/v2\/media?parent=11209"}],"wp:term":[{"taxonomy":"product_collection","embeddable":true,"href":"https:\/\/www.santacole.com\/es\/wp-json\/wp\/v2\/product_collection?post=11209"},{"taxonomy":"product_family","embeddable":true,"href":"https:\/\/www.santacole.com\/es\/wp-json\/wp\/v2\/product_family?post=11209"},{"taxonomy":"product_brand","embeddable":true,"href":"https:\/\/www.santacole.com\/es\/wp-json\/wp\/v2\/product_brand?post=11209"},{"taxonomy":"product_cat","embeddable":true,"href":"https:\/\/www.santacole.com\/es\/wp-json\/wp\/v2\/product_cat?post=11209"},{"taxonomy":"product_tag","embeddable":true,"href":"https:\/\/www.santacole.com\/es\/wp-json\/wp\/v2\/product_tag?post=11209"}],"curies":[{"name":"wp","href":"https:\/\/api.w.org\/{rel}","templated":true}]}}