{"id":11206,"date":"2026-03-05T17:46:14","date_gmt":"2026-03-05T16:46:14","guid":{"rendered":"https:\/\/www.santacole.com\/product\/diseno-y-nostalgia-DNOSLI"},"modified":"2026-03-05T17:46:33","modified_gmt":"2026-03-05T16:46:33","slug":"diseno-y-nostalgia-dnosli","status":"publish","type":"product","link":"https:\/\/www.santacole.com\/es\/libros\/los-ojos-fertiles\/diseno-y-nostalgia-dnosli\/","title":{"rendered":"Dise\u00f1o y nostalgia"},"content":{"rendered":"","protected":false},"excerpt":{"rendered":"<p>Breves ensayos que exploran la relaci\u00f3n entre tiempo y dise\u00f1o, mostrando c\u00f3mo el pasado nutre la innovaci\u00f3n del presente.<\/p>\n","protected":false},"featured_media":106638,"template":"","meta":{"_acf_changed":false},"product_collection":[],"product_family":[],"product_brand":[],"product_cat":[179,176],"product_tag":[],"class_list":{"0":"post-11206","1":"product","2":"type-product","3":"status-publish","4":"has-post-thumbnail","6":"product_cat-los-ojos-fertiles","7":"product_cat-libros","8":"product_shipping_class-standard-en","9":"entry","11":"first","12":"instock","13":"taxable","14":"shipping-taxable","15":"product-type-simple"},"acf":[],"_links":{"self":[{"href":"https:\/\/www.santacole.com\/es\/wp-json\/wp\/v2\/product\/11206","targetHints":{"allow":["GET"]}}],"collection":[{"href":"https:\/\/www.santacole.com\/es\/wp-json\/wp\/v2\/product"}],"about":[{"href":"https:\/\/www.santacole.com\/es\/wp-json\/wp\/v2\/types\/product"}],"wp:featuredmedia":[{"embeddable":true,"href":"https:\/\/www.santacole.com\/es\/wp-json\/wp\/v2\/media\/106638"}],"wp:attachment":[{"href":"https:\/\/www.santacole.com\/es\/wp-json\/wp\/v2\/media?parent=11206"}],"wp:term":[{"taxonomy":"product_collection","embeddable":true,"href":"https:\/\/www.santacole.com\/es\/wp-json\/wp\/v2\/product_collection?post=11206"},{"taxonomy":"product_family","embeddable":true,"href":"https:\/\/www.santacole.com\/es\/wp-json\/wp\/v2\/product_family?post=11206"},{"taxonomy":"product_brand","embeddable":true,"href":"https:\/\/www.santacole.com\/es\/wp-json\/wp\/v2\/product_brand?post=11206"},{"taxonomy":"product_cat","embeddable":true,"href":"https:\/\/www.santacole.com\/es\/wp-json\/wp\/v2\/product_cat?post=11206"},{"taxonomy":"product_tag","embeddable":true,"href":"https:\/\/www.santacole.com\/es\/wp-json\/wp\/v2\/product_tag?post=11206"}],"curies":[{"name":"wp","href":"https:\/\/api.w.org\/{rel}","templated":true}]}}