{"id":11194,"date":"2026-03-05T17:44:49","date_gmt":"2026-03-05T16:44:49","guid":{"rendered":"https:\/\/www.santacole.com\/product\/lujo-y-diseno-LYDLI"},"modified":"2026-03-05T17:45:11","modified_gmt":"2026-03-05T16:45:11","slug":"lujo-y-diseno-lydli","status":"publish","type":"product","link":"https:\/\/www.santacole.com\/es\/libros\/los-ojos-fertiles\/lujo-y-diseno-lydli\/","title":{"rendered":"Lujo y dise\u00f1o"},"content":{"rendered":"","protected":false},"excerpt":{"rendered":"<p>Reflexi\u00f3n de Giovanni Cutolo sobre el consumidor culto que transforma el dise\u00f1o en nuevo lujo cultural y virtuoso.<\/p>\n","protected":false},"featured_media":106615,"template":"","meta":{"_acf_changed":false},"product_collection":[],"product_family":[],"product_brand":[],"product_cat":[179,176],"product_tag":[],"class_list":{"0":"post-11194","1":"product","2":"type-product","3":"status-publish","4":"has-post-thumbnail","6":"product_cat-los-ojos-fertiles","7":"product_cat-libros","8":"product_shipping_class-standard-en","9":"entry","11":"first","12":"instock","13":"taxable","14":"shipping-taxable","15":"product-type-simple"},"acf":[],"_links":{"self":[{"href":"https:\/\/www.santacole.com\/es\/wp-json\/wp\/v2\/product\/11194","targetHints":{"allow":["GET"]}}],"collection":[{"href":"https:\/\/www.santacole.com\/es\/wp-json\/wp\/v2\/product"}],"about":[{"href":"https:\/\/www.santacole.com\/es\/wp-json\/wp\/v2\/types\/product"}],"wp:featuredmedia":[{"embeddable":true,"href":"https:\/\/www.santacole.com\/es\/wp-json\/wp\/v2\/media\/106615"}],"wp:attachment":[{"href":"https:\/\/www.santacole.com\/es\/wp-json\/wp\/v2\/media?parent=11194"}],"wp:term":[{"taxonomy":"product_collection","embeddable":true,"href":"https:\/\/www.santacole.com\/es\/wp-json\/wp\/v2\/product_collection?post=11194"},{"taxonomy":"product_family","embeddable":true,"href":"https:\/\/www.santacole.com\/es\/wp-json\/wp\/v2\/product_family?post=11194"},{"taxonomy":"product_brand","embeddable":true,"href":"https:\/\/www.santacole.com\/es\/wp-json\/wp\/v2\/product_brand?post=11194"},{"taxonomy":"product_cat","embeddable":true,"href":"https:\/\/www.santacole.com\/es\/wp-json\/wp\/v2\/product_cat?post=11194"},{"taxonomy":"product_tag","embeddable":true,"href":"https:\/\/www.santacole.com\/es\/wp-json\/wp\/v2\/product_tag?post=11194"}],"curies":[{"name":"wp","href":"https:\/\/api.w.org\/{rel}","templated":true}]}}