{"id":11169,"date":"2026-03-05T17:42:30","date_gmt":"2026-03-05T16:42:30","guid":{"rendered":"https:\/\/www.santacole.com\/product\/ilmari-tapiovaara-TAMLI"},"modified":"2026-03-05T17:42:48","modified_gmt":"2026-03-05T16:42:48","slug":"ilmari-tapiovaara-tamli","status":"publish","type":"product","link":"https:\/\/www.santacole.com\/es\/libros\/biografias-de-diseno\/ilmari-tapiovaara-tamli\/","title":{"rendered":"Ilmari Tapiovaara"},"content":{"rendered":"","protected":false},"excerpt":{"rendered":"<p>Recorrido por la obra de Ilmari Tapiovaara, pionero del dise\u00f1o finland\u00e9s que uni\u00f3 racionalismo y realismo con poes\u00eda.<\/p>\n","protected":false},"featured_media":106571,"template":"","meta":{"_acf_changed":false},"product_collection":[],"product_family":[],"product_brand":[],"product_cat":[177,176],"product_tag":[],"class_list":{"0":"post-11169","1":"product","2":"type-product","3":"status-publish","4":"has-post-thumbnail","6":"product_cat-biografias-de-diseno","7":"product_cat-libros","8":"product_shipping_class-standard-en","9":"entry","11":"first","12":"outofstock","13":"taxable","14":"shipping-taxable","15":"product-type-simple"},"acf":[],"_links":{"self":[{"href":"https:\/\/www.santacole.com\/es\/wp-json\/wp\/v2\/product\/11169","targetHints":{"allow":["GET"]}}],"collection":[{"href":"https:\/\/www.santacole.com\/es\/wp-json\/wp\/v2\/product"}],"about":[{"href":"https:\/\/www.santacole.com\/es\/wp-json\/wp\/v2\/types\/product"}],"wp:featuredmedia":[{"embeddable":true,"href":"https:\/\/www.santacole.com\/es\/wp-json\/wp\/v2\/media\/106571"}],"wp:attachment":[{"href":"https:\/\/www.santacole.com\/es\/wp-json\/wp\/v2\/media?parent=11169"}],"wp:term":[{"taxonomy":"product_collection","embeddable":true,"href":"https:\/\/www.santacole.com\/es\/wp-json\/wp\/v2\/product_collection?post=11169"},{"taxonomy":"product_family","embeddable":true,"href":"https:\/\/www.santacole.com\/es\/wp-json\/wp\/v2\/product_family?post=11169"},{"taxonomy":"product_brand","embeddable":true,"href":"https:\/\/www.santacole.com\/es\/wp-json\/wp\/v2\/product_brand?post=11169"},{"taxonomy":"product_cat","embeddable":true,"href":"https:\/\/www.santacole.com\/es\/wp-json\/wp\/v2\/product_cat?post=11169"},{"taxonomy":"product_tag","embeddable":true,"href":"https:\/\/www.santacole.com\/es\/wp-json\/wp\/v2\/product_tag?post=11169"}],"curies":[{"name":"wp","href":"https:\/\/api.w.org\/{rel}","templated":true}]}}