{"id":11157,"date":"2026-03-05T17:41:16","date_gmt":"2026-03-05T16:41:16","guid":{"rendered":"https:\/\/www.santacole.com\/product\/antoni-de-moragas-MOMLI"},"modified":"2026-03-05T17:41:36","modified_gmt":"2026-03-05T16:41:36","slug":"antoni-de-moragas-momli","status":"publish","type":"product","link":"https:\/\/www.santacole.com\/es\/libros\/biografias-de-diseno\/antoni-de-moragas-momli\/","title":{"rendered":"Antoni de Moragas"},"content":{"rendered":"","protected":false},"excerpt":{"rendered":"<p>An\u00e1lisis de la obra de Antoni de Moragas, figura clave en la modernizaci\u00f3n del dise\u00f1o y la arquitectura catalana.<\/p>\n","protected":false},"featured_media":106550,"template":"","meta":{"_acf_changed":false},"product_collection":[],"product_family":[],"product_brand":[],"product_cat":[177,176],"product_tag":[],"class_list":{"0":"post-11157","1":"product","2":"type-product","3":"status-publish","4":"has-post-thumbnail","6":"product_cat-biografias-de-diseno","7":"product_cat-libros","8":"product_shipping_class-standard-en","9":"entry","11":"first","12":"outofstock","13":"taxable","14":"shipping-taxable","15":"product-type-simple"},"acf":[],"_links":{"self":[{"href":"https:\/\/www.santacole.com\/es\/wp-json\/wp\/v2\/product\/11157","targetHints":{"allow":["GET"]}}],"collection":[{"href":"https:\/\/www.santacole.com\/es\/wp-json\/wp\/v2\/product"}],"about":[{"href":"https:\/\/www.santacole.com\/es\/wp-json\/wp\/v2\/types\/product"}],"wp:featuredmedia":[{"embeddable":true,"href":"https:\/\/www.santacole.com\/es\/wp-json\/wp\/v2\/media\/106550"}],"wp:attachment":[{"href":"https:\/\/www.santacole.com\/es\/wp-json\/wp\/v2\/media?parent=11157"}],"wp:term":[{"taxonomy":"product_collection","embeddable":true,"href":"https:\/\/www.santacole.com\/es\/wp-json\/wp\/v2\/product_collection?post=11157"},{"taxonomy":"product_family","embeddable":true,"href":"https:\/\/www.santacole.com\/es\/wp-json\/wp\/v2\/product_family?post=11157"},{"taxonomy":"product_brand","embeddable":true,"href":"https:\/\/www.santacole.com\/es\/wp-json\/wp\/v2\/product_brand?post=11157"},{"taxonomy":"product_cat","embeddable":true,"href":"https:\/\/www.santacole.com\/es\/wp-json\/wp\/v2\/product_cat?post=11157"},{"taxonomy":"product_tag","embeddable":true,"href":"https:\/\/www.santacole.com\/es\/wp-json\/wp\/v2\/product_tag?post=11157"}],"curies":[{"name":"wp","href":"https:\/\/api.w.org\/{rel}","templated":true}]}}