{"id":111502,"date":"2026-03-27T09:28:31","date_gmt":"2026-03-27T08:28:31","guid":{"rendered":"https:\/\/www.santacole.com\/en\/product\/atelier-miro-en-grises-4667\/"},"modified":"2026-03-27T09:30:43","modified_gmt":"2026-03-27T08:30:43","slug":"atelier-miro-en-grises-n-00308","status":"publish","type":"product","link":"https:\/\/www.santacole.com\/es\/arte\/neoseries-contemporaneas\/atelier-miro-en-grises-n-00308\/","title":{"rendered":"Atelier Mir\u00f3 en grises"},"content":{"rendered":"","protected":false},"excerpt":{"rendered":"<p>Bea Sarrias representa la obra de Josep Llu\u00eds Sert, donde abstracci\u00f3n, geometr\u00eda y luz crean un di\u00e1logo pict\u00f3rico inspirado en Mondrian.<\/p>\n","protected":false},"featured_media":86330,"template":"","meta":{"_acf_changed":false},"product_collection":[1642,1643],"product_family":[],"product_brand":[],"product_cat":[378,377,376],"product_tag":[],"class_list":{"0":"post-111502","1":"product","2":"type-product","3":"status-publish","4":"has-post-thumbnail","6":"product_collection-bea-sarrias-architecture-in-color-en","7":"product_collection-bea-sarrias-arquitectura-en-color-es","8":"product_cat-neoseries-contemporaneas","9":"product_cat-arte","10":"product_cat-contemporary-neoseries","11":"product_shipping_class-contemporary-neoseries-en","12":"entry","14":"first","15":"instock","16":"taxable","17":"shipping-taxable","18":"product-type-variable","19":"has-default-attributes"},"acf":[],"_links":{"self":[{"href":"https:\/\/www.santacole.com\/es\/wp-json\/wp\/v2\/product\/111502","targetHints":{"allow":["GET"]}}],"collection":[{"href":"https:\/\/www.santacole.com\/es\/wp-json\/wp\/v2\/product"}],"about":[{"href":"https:\/\/www.santacole.com\/es\/wp-json\/wp\/v2\/types\/product"}],"wp:featuredmedia":[{"embeddable":true,"href":"https:\/\/www.santacole.com\/es\/wp-json\/wp\/v2\/media\/86330"}],"wp:attachment":[{"href":"https:\/\/www.santacole.com\/es\/wp-json\/wp\/v2\/media?parent=111502"}],"wp:term":[{"taxonomy":"product_collection","embeddable":true,"href":"https:\/\/www.santacole.com\/es\/wp-json\/wp\/v2\/product_collection?post=111502"},{"taxonomy":"product_family","embeddable":true,"href":"https:\/\/www.santacole.com\/es\/wp-json\/wp\/v2\/product_family?post=111502"},{"taxonomy":"product_brand","embeddable":true,"href":"https:\/\/www.santacole.com\/es\/wp-json\/wp\/v2\/product_brand?post=111502"},{"taxonomy":"product_cat","embeddable":true,"href":"https:\/\/www.santacole.com\/es\/wp-json\/wp\/v2\/product_cat?post=111502"},{"taxonomy":"product_tag","embeddable":true,"href":"https:\/\/www.santacole.com\/es\/wp-json\/wp\/v2\/product_tag?post=111502"}],"curies":[{"name":"wp","href":"https:\/\/api.w.org\/{rel}","templated":true}]}}