{"id":56055,"date":"2025-09-22T10:54:23","date_gmt":"2025-09-22T08:54:23","guid":{"rendered":"https:\/\/www.santacole.com\/nosotros\/"},"modified":"2025-11-25T16:27:42","modified_gmt":"2025-11-25T15:27:42","slug":"nosotros","status":"publish","type":"page","link":"https:\/\/www.santacole.com\/es\/nosotros\/","title":{"rendered":"Nosotros"},"content":{"rendered":"\n<div class=\"wp-block-group hidden is-layout-constrained wp-block-group-is-layout-constrained\">\n<div class=\"block-header pt-sc-layout-grid-padding-column-rythm-xl pb-sc-spacing-padding-sm align wp-block-santacole-block-section-header\">\n\n        \n<\/div><\/div>\n\n<div class=\"wp-block-group is-layout-constrained wp-block-group-is-layout-constrained\" style=\"padding-top:var(--wp--preset--spacing--lg)\">\n<div class=\"wp-block-group is-layout-constrained wp-container-core-group-is-layout-6c2e41da wp-block-group-is-layout-constrained\" style=\"padding-top:var(--wp--preset--spacing--md);padding-right:var(--wp--preset--spacing--md);padding-left:var(--wp--preset--spacing--md)\">\n<div class=\"wp-block-columns is-layout-flex wp-container-core-columns-is-layout-28f84493 wp-block-columns-is-layout-flex\">\n<div class=\"wp-block-column is-layout-flow wp-block-column-is-layout-flow\"><h1 style=\"font-style:normal;font-weight:400;\" class=\"wp-block-post-title has-h-3-font-size\">Nosotros<\/h1><\/div>\n\n\n\n<div class=\"wp-block-column is-layout-flow wp-container-core-column-is-layout-8dc9f679 wp-block-column-is-layout-flow\" style=\"padding-top:8px\">\n<p class=\"has-h-4-font-size\" style=\"font-style:normal;font-weight:100;line-height:1.2\">Fundada en 1985, Santa &amp; Cole es una editora independiente de dise\u00f1o, arte y libros con sede en Belloch (Barcelona, Espa\u00f1a).<\/p>\n<\/div>\n<\/div>\n<\/div>\n<\/div>\n\n<div style=\"height:var(--wp--preset--spacing--rythm-lg)\" aria-hidden=\"true\" class=\"wp-block-spacer\"><\/div>\n\n<div style=\"height:var(--wp--preset--spacing--rythm-lg)\" aria-hidden=\"true\" class=\"wp-block-spacer\"><\/div>\n\n<div class=\"wp-block-group is-layout-constrained wp-container-core-group-is-layout-503439ea wp-block-group-is-layout-constrained\" style=\"margin-top:0;margin-bottom:0;padding-bottom:var(--wp--preset--spacing--rythm-lg)\">\n<section class=\"wp-block-group is-layout-constrained wp-container-core-group-is-layout-61dccc85 wp-block-group-is-layout-constrained\" style=\"padding-right:var(--wp--preset--spacing--md);padding-left:var(--wp--preset--spacing--md)\">\n<div class=\"wp-block-columns is-layout-flex wp-container-core-columns-is-layout-c0198eba wp-block-columns-is-layout-flex\">\n<div class=\"wp-block-column is-layout-flow wp-block-column-is-layout-flow\">\r\n<div class=\"block-card    \" data-post_type=\"\">\r\n\r\n    <!-- Bloque imagen -->\r\n    \n<div class=\"block-image group w-full relative !bg-sc-color-border  overflow-hidden aspect-3\/2 flex justify-center items-center\" style=\"\">\n\n    \n    <!-- Si hay link dentro del bloque imagen -->\n    \n        <a class=\"w-full h-full\" href=\"https:\/\/www.santacole.com\/es\/about-us\/foundations\/\" target=\"_self\">\n\n        \n    <!-- Simple -->\n    \n        <img decoding=\"async\" width=\"1280\" height=\"726\" src=\"https:\/\/www.santacole.com\/wp-content\/uploads\/2025\/09\/banner-nosotros-nave-monte-x2400-1280x726.jpg\" class=\"  w-full h-full object-cover\" alt=\"banner-nosotros-nave-monte-x2400\" sizes=\"100vw\" srcset=\"https:\/\/www.santacole.com\/wp-content\/uploads\/2025\/09\/banner-nosotros-nave-monte-x2400-1280x726.jpg 1280w, https:\/\/www.santacole.com\/wp-content\/uploads\/2025\/09\/banner-nosotros-nave-monte-x2400-scaled-1200x680.jpg 1200w, https:\/\/www.santacole.com\/wp-content\/uploads\/2025\/09\/banner-nosotros-nave-monte-x2400-600x340.jpg 600w, https:\/\/www.santacole.com\/wp-content\/uploads\/2025\/09\/banner-nosotros-nave-monte-x2400-300x170.jpg 300w, https:\/\/www.santacole.com\/wp-content\/uploads\/2025\/09\/banner-nosotros-nave-monte-x2400-768x435.jpg 768w\" loading=\"lazy\" \/>        \n        <!-- Caption inside -->\n        \n    \n    <!-- Hover overlay -->\n    \n    <!-- Slider gallery -->\n    \n    <!-- Si hay link cierre -->\n            <\/a>\n    \n<\/div>\n\n<!-- Simple (Caption outside) -->\n    \n    <!-- Caption outside -->\n    \n\n\n\r\n    <!-- Footer card -->\r\n    \r\n<\/div>\r\n<\/div>\n\n\n\n<div class=\"wp-block-column is-vertically-aligned-top is-layout-flow wp-block-column-is-layout-flow\" style=\"padding-bottom:var(--wp--preset--spacing--rythm-sm)\">\n<div class=\"wp-block-columns is-layout-flex wp-container-core-columns-is-layout-28f84493 wp-block-columns-is-layout-flex\">\n<div class=\"wp-block-column is-layout-flow wp-block-column-is-layout-flow\" style=\"flex-basis:5%\"><\/div>\n\n\n\n<div class=\"wp-block-column md:hidden lg:block is-layout-flow wp-block-column-is-layout-flow\" style=\"flex-basis:15%\"><\/div>\n\n\n\n<div class=\"wp-block-column is-layout-flow wp-block-column-is-layout-flow\">\r\n<div class=\" \">\r\n    <div class=\"block-head  \">\r\n\r\n        <h3 class=\"font-suisseIntl !font-book !text-[length:var(--sc-typography-h4-font-size)] leading-[length:var(--sc-typography-h4-line-height)] !m-0 indent-[0px] !text-[var(--color-sc-color-foreground)] pb-5 pr-0\">Principios<\/h3><div class=\"font-suisseIntl !font-thin !text-[length:var(--sc-typography-lead-font-size)] leading-[length:var(--sc-typography-lead-line-height)] !m-0 indent-[0px] !text-[var(--color-sc-color-foreground)] pb-4 pr-0\"><p><span data-teams=\"true\">Nuestros principios son tanto nuestros or\u00edgenes como nuestros valores: los fundamentos que definen qui\u00e9nes somos y por qu\u00e9 hacemos lo que hacemos. Reflejan un car\u00e1cter moral e hist\u00f3rico, una forma de entender la cultura material. <\/span><\/p>\n<\/div>\r\n                    <!-- Anidar opci\u00f3n de a\u00f1adir bloque de button -->\r\n            <!--<div class=\"acf-innerblocks-container\">\n\r\n\r\n    <a\r\n        class=\"flex items-center justify-center gap-1 sc-btn  sc-button-lg sc-button-link-underline\"\r\n        href=\"https:\/\/www.santacole.com\/es\/about-us\/foundations\/\" target=\"\"\r\n            >\r\n                    <i class=\"!text-base icon-arrow-up-right \"><\/i>\r\n        \r\n        <span class=\"flex align-items-center px-1 \">\r\n            Leer m\u00e1s        <\/span>\r\n\r\n            <\/a>\r\n\r\n\n<\/div>-->\r\n        \r\n        <!-- Nuevo (Block button dentro del block head -->\r\n        \r\n    <\/div>\r\n<\/div>\r\n\r\n<\/div>\n<\/div>\n<\/div>\n<\/div>\n<\/section>\n\n\n\n<section class=\"wp-block-group is-layout-constrained wp-container-core-group-is-layout-61dccc85 wp-block-group-is-layout-constrained\" style=\"padding-right:var(--wp--preset--spacing--md);padding-left:var(--wp--preset--spacing--md)\">\n<div class=\"wp-block-columns is-layout-flex wp-container-core-columns-is-layout-c0198eba wp-block-columns-is-layout-flex\">\n<div class=\"wp-block-column is-layout-flow wp-block-column-is-layout-flow\">\r\n<div class=\"block-card    \" data-post_type=\"\">\r\n\r\n    <!-- Bloque imagen -->\r\n    \n<div class=\"block-image group w-full relative !bg-sc-color-border  overflow-hidden aspect-3\/2 flex justify-center items-center\" style=\"\">\n\n    \n    <!-- Si hay link dentro del bloque imagen -->\n    \n        <a class=\"w-full h-full\" href=\"https:\/\/www.santacole.com\/es\/about-us\/parc-de-belloch\/\" target=\"_self\">\n\n        \n    <!-- Simple -->\n    \n        <img decoding=\"async\" width=\"1280\" height=\"960\" src=\"https:\/\/www.santacole.com\/wp-content\/uploads\/2025\/09\/Belloch-SalvaLopez-2024-329-x2400-1280x960.jpg\" class=\"  w-full h-full object-cover\" alt=\"Belloch-SalvaLopez-2024-329-x2400\" sizes=\"100vw\" srcset=\"https:\/\/www.santacole.com\/wp-content\/uploads\/2025\/09\/Belloch-SalvaLopez-2024-329-x2400-1280x960.jpg 1280w, https:\/\/www.santacole.com\/wp-content\/uploads\/2025\/09\/Belloch-SalvaLopez-2024-329-x2400-1200x900.jpg 1200w, https:\/\/www.santacole.com\/wp-content\/uploads\/2025\/09\/Belloch-SalvaLopez-2024-329-x2400-600x450.jpg 600w, https:\/\/www.santacole.com\/wp-content\/uploads\/2025\/09\/Belloch-SalvaLopez-2024-329-x2400-300x225.jpg 300w, https:\/\/www.santacole.com\/wp-content\/uploads\/2025\/09\/Belloch-SalvaLopez-2024-329-x2400-768x576.jpg 768w\" loading=\"lazy\" \/>        \n        <!-- Caption inside -->\n        \n    \n    <!-- Hover overlay -->\n    \n    <!-- Slider gallery -->\n    \n    <!-- Si hay link cierre -->\n            <\/a>\n    \n<\/div>\n\n<!-- Simple (Caption outside) -->\n    \n    <!-- Caption outside -->\n    \n\n\n\r\n    <!-- Footer card -->\r\n    \r\n<\/div>\r\n<\/div>\n\n\n\n<div class=\"wp-block-column is-vertically-aligned-top is-layout-flow wp-block-column-is-layout-flow\" style=\"padding-bottom:var(--wp--preset--spacing--rythm-sm)\">\n<div class=\"wp-block-columns is-layout-flex wp-container-core-columns-is-layout-28f84493 wp-block-columns-is-layout-flex\">\n<div class=\"wp-block-column is-layout-flow wp-block-column-is-layout-flow\" style=\"flex-basis:5%\"><\/div>\n\n\n\n<div class=\"wp-block-column md:hidden lg:block is-layout-flow wp-block-column-is-layout-flow\" style=\"flex-basis:15%\"><\/div>\n\n\n\n<div class=\"wp-block-column is-layout-flow wp-block-column-is-layout-flow\">\r\n<div class=\" \">\r\n    <div class=\"block-head  \">\r\n\r\n        <h3 class=\"font-suisseIntl !font-book !text-[length:var(--sc-typography-h4-font-size)] leading-[length:var(--sc-typography-h4-line-height)] !m-0 indent-[0px] !text-[var(--color-sc-color-foreground)] pb-5 pr-0\">Sede central en Belloch<\/h3><div class=\"font-suisseIntl !font-thin !text-[length:var(--sc-typography-lead-font-size)] leading-[length:var(--sc-typography-lead-line-height)] !m-0 indent-[0px] !text-[var(--color-sc-color-foreground)] pb-4 pr-0\"><p>Nuestras oficinas centrales est\u00e1n ubicadas en Parc de Belloch, una extensa finca que abarca m\u00e1s de 200 hect\u00e1reas, a unos 30 kil\u00f3metros al norte de Barcelona, camino de Francia. Los registros de Belloch (<em>bello loco<\/em>, lugar hermoso) se remontan a 972 y tiene una extensa historia que contar. <\/p>\n<\/div>\r\n                    <!-- Anidar opci\u00f3n de a\u00f1adir bloque de button -->\r\n            <!--<div class=\"acf-innerblocks-container\">\n\r\n\r\n    <a\r\n        class=\"flex items-center justify-center gap-1 sc-btn  sc-button-lg sc-button-link-underline\"\r\n        href=\"https:\/\/www.santacole.com\/es\/about-us\/parc-de-belloch\/\" target=\"\"\r\n            >\r\n                    <i class=\"!text-base icon-arrow-up-right \"><\/i>\r\n        \r\n        <span class=\"flex align-items-center px-1 \">\r\n            Leer m\u00e1s        <\/span>\r\n\r\n            <\/a>\r\n\r\n\n<\/div>-->\r\n        \r\n        <!-- Nuevo (Block button dentro del block head -->\r\n        \r\n    <\/div>\r\n<\/div>\r\n\r\n<\/div>\n<\/div>\n<\/div>\n<\/div>\n<\/section>\n\n\n\n<section class=\"wp-block-group is-layout-constrained wp-container-core-group-is-layout-61dccc85 wp-block-group-is-layout-constrained\" style=\"padding-right:var(--wp--preset--spacing--md);padding-left:var(--wp--preset--spacing--md)\">\n<div class=\"wp-block-columns is-layout-flex wp-container-core-columns-is-layout-c0198eba wp-block-columns-is-layout-flex\">\n<div class=\"wp-block-column is-layout-flow wp-block-column-is-layout-flow\">\r\n<div class=\"block-card    \" data-post_type=\"\">\r\n\r\n    <!-- Bloque imagen -->\r\n    \n<div class=\"block-image group w-full relative !bg-sc-color-border  overflow-hidden aspect-3\/2 flex justify-center items-center\" style=\"\">\n\n    \n    <!-- Si hay link dentro del bloque imagen -->\n    \n        <a class=\"w-full h-full\" href=\"https:\/\/www.santacole.com\/es\/authors\/\" target=\"_self\">\n\n        \n    <!-- Simple -->\n    \n        <img decoding=\"async\" width=\"1280\" height=\"1918\" src=\"https:\/\/www.santacole.com\/wp-content\/uploads\/2025\/10\/salva_lopez_belloch_monocle_DSC5396-1280x1918.jpg\" class=\"  w-full h-full object-cover\" alt=\"salva_lopez_belloch_monocle_DSC5396\" sizes=\"100vw\" srcset=\"https:\/\/www.santacole.com\/wp-content\/uploads\/2025\/10\/salva_lopez_belloch_monocle_DSC5396-1280x1918.jpg 1280w, https:\/\/www.santacole.com\/wp-content\/uploads\/2025\/10\/salva_lopez_belloch_monocle_DSC5396-1200x1799.jpg 1200w, https:\/\/www.santacole.com\/wp-content\/uploads\/2025\/10\/salva_lopez_belloch_monocle_DSC5396-600x899.jpg 600w, https:\/\/www.santacole.com\/wp-content\/uploads\/2025\/10\/salva_lopez_belloch_monocle_DSC5396-300x450.jpg 300w, https:\/\/www.santacole.com\/wp-content\/uploads\/2025\/10\/salva_lopez_belloch_monocle_DSC5396-768x1151.jpg 768w, https:\/\/www.santacole.com\/wp-content\/uploads\/2025\/10\/salva_lopez_belloch_monocle_DSC5396.jpg 1668w\" loading=\"lazy\" \/>        \n        <!-- Caption inside -->\n        \n    \n    <!-- Hover overlay -->\n    \n    <!-- Slider gallery -->\n    \n    <!-- Si hay link cierre -->\n            <\/a>\n    \n<\/div>\n\n<!-- Simple (Caption outside) -->\n    \n    <!-- Caption outside -->\n    \n\n\n\r\n    <!-- Footer card -->\r\n    \r\n<\/div>\r\n<\/div>\n\n\n\n<div class=\"wp-block-column is-vertically-aligned-top is-layout-flow wp-block-column-is-layout-flow\" style=\"padding-bottom:var(--wp--preset--spacing--rythm-sm)\">\n<div class=\"wp-block-columns is-layout-flex wp-container-core-columns-is-layout-28f84493 wp-block-columns-is-layout-flex\">\n<div class=\"wp-block-column is-layout-flow wp-block-column-is-layout-flow\" style=\"flex-basis:5%\"><\/div>\n\n\n\n<div class=\"wp-block-column md:hidden lg:block is-layout-flow wp-block-column-is-layout-flow\" style=\"flex-basis:15%\"><\/div>\n\n\n\n<div class=\"wp-block-column is-layout-flow wp-block-column-is-layout-flow\">\r\n<div class=\" \">\r\n    <div class=\"block-head  \">\r\n\r\n        <h3 class=\"font-suisseIntl !font-book !text-[length:var(--sc-typography-h4-font-size)] leading-[length:var(--sc-typography-h4-line-height)] !m-0 indent-[0px] !text-[var(--color-sc-color-foreground)] pb-5 pr-0\">Autores<\/h3><div class=\"font-suisseIntl !font-thin !text-[length:var(--sc-typography-lead-font-size)] leading-[length:var(--sc-typography-lead-line-height)] !m-0 indent-[0px] !text-[var(--color-sc-color-foreground)] pb-4 pr-0\"><p>Todo producto comienza con un autor. Dise\u00f1adores, artistas y pensadores cuyas visiones dan forma al mundo que habitamos. <\/p>\n<\/div>\r\n                    <!-- Anidar opci\u00f3n de a\u00f1adir bloque de button -->\r\n            <!--<div class=\"acf-innerblocks-container\">\n\r\n\r\n    <a\r\n        class=\"flex items-center justify-center gap-1 sc-btn  sc-button-lg sc-button-link-underline\"\r\n        href=\"https:\/\/www.santacole.com\/es\/authors\/\" target=\"\"\r\n            >\r\n                    <i class=\"!text-base icon-arrow-up-right \"><\/i>\r\n        \r\n        <span class=\"flex align-items-center px-1 \">\r\n            Leer m\u00e1s        <\/span>\r\n\r\n            <\/a>\r\n\r\n\n<\/div>-->\r\n        \r\n        <!-- Nuevo (Block button dentro del block head -->\r\n        \r\n    <\/div>\r\n<\/div>\r\n\r\n<\/div>\n<\/div>\n<\/div>\n<\/div>\n<\/section>\n\n\n\n<section class=\"wp-block-group is-layout-constrained wp-container-core-group-is-layout-61dccc85 wp-block-group-is-layout-constrained\" style=\"padding-right:var(--wp--preset--spacing--md);padding-left:var(--wp--preset--spacing--md)\">\n<div class=\"wp-block-columns is-layout-flex wp-container-core-columns-is-layout-c0198eba wp-block-columns-is-layout-flex\">\n<div class=\"wp-block-column is-layout-flow wp-block-column-is-layout-flow\">\r\n<div class=\"block-card    \" data-post_type=\"\">\r\n\r\n    <!-- Bloque imagen -->\r\n    \n<div class=\"block-image group w-full relative !bg-sc-color-border  overflow-hidden aspect-3\/2 flex justify-center items-center\" style=\"\">\n\n    \n    <!-- Si hay link dentro del bloque imagen -->\n    \n        <a class=\"w-full h-full\" href=\"https:\/\/www.santacole.com\/es\/responsibility\/\" target=\"_self\">\n\n        \n    <!-- Simple -->\n    \n        <img decoding=\"async\" width=\"1280\" height=\"853\" src=\"https:\/\/www.santacole.com\/wp-content\/uploads\/2025\/10\/Tekio-Proceso-Yosigo-MIto-2025-090-1280x853.jpg\" class=\"  w-full h-full object-cover\" alt=\"Tekio-Proceso-Yosigo-MIto-2025-090\" sizes=\"100vw\" srcset=\"https:\/\/www.santacole.com\/wp-content\/uploads\/2025\/10\/Tekio-Proceso-Yosigo-MIto-2025-090-1280x853.jpg 1280w, https:\/\/www.santacole.com\/wp-content\/uploads\/2025\/10\/Tekio-Proceso-Yosigo-MIto-2025-090-1200x800.jpg 1200w, https:\/\/www.santacole.com\/wp-content\/uploads\/2025\/10\/Tekio-Proceso-Yosigo-MIto-2025-090-600x400.jpg 600w, https:\/\/www.santacole.com\/wp-content\/uploads\/2025\/10\/Tekio-Proceso-Yosigo-MIto-2025-090-300x200.jpg 300w, https:\/\/www.santacole.com\/wp-content\/uploads\/2025\/10\/Tekio-Proceso-Yosigo-MIto-2025-090-768x512.jpg 768w\" loading=\"lazy\" \/>        \n        <!-- Caption inside -->\n        \n    \n    <!-- Hover overlay -->\n    \n    <!-- Slider gallery -->\n    \n    <!-- Si hay link cierre -->\n            <\/a>\n    \n<\/div>\n\n<!-- Simple (Caption outside) -->\n    \n    <!-- Caption outside -->\n    \n\n\n\r\n    <!-- Footer card -->\r\n    \r\n<\/div>\r\n<\/div>\n\n\n\n<div class=\"wp-block-column is-vertically-aligned-top is-layout-flow wp-block-column-is-layout-flow\" style=\"padding-bottom:var(--wp--preset--spacing--rythm-sm)\">\n<div class=\"wp-block-columns is-layout-flex wp-container-core-columns-is-layout-28f84493 wp-block-columns-is-layout-flex\">\n<div class=\"wp-block-column is-layout-flow wp-block-column-is-layout-flow\" style=\"flex-basis:5%\"><\/div>\n\n\n\n<div class=\"wp-block-column md:hidden lg:block is-layout-flow wp-block-column-is-layout-flow\" style=\"flex-basis:15%\"><\/div>\n\n\n\n<div class=\"wp-block-column is-layout-flow wp-block-column-is-layout-flow\">\r\n<div class=\" \">\r\n    <div class=\"block-head  \">\r\n\r\n        <h3 class=\"font-suisseIntl !font-book !text-[length:var(--sc-typography-h4-font-size)] leading-[length:var(--sc-typography-h4-line-height)] !m-0 indent-[0px] !text-[var(--color-sc-color-foreground)] pb-5 pr-0\">Responsabilidad<\/h3><div class=\"font-suisseIntl !font-thin !text-[length:var(--sc-typography-lead-font-size)] leading-[length:var(--sc-typography-lead-line-height)] !m-0 indent-[0px] !text-[var(--color-sc-color-foreground)] pb-4 pr-0\"><p>En Santa &amp; Cole, entendemos que editar es un acto de responsabilidad. Significa elegir con intenci\u00f3n, preservar una cultura material reflexiva y cuidar el medio ambiente que compartimos. <\/p>\n<\/div>\r\n                    <!-- Anidar opci\u00f3n de a\u00f1adir bloque de button -->\r\n            <!--<div class=\"acf-innerblocks-container\">\n\r\n\r\n    <a\r\n        class=\"flex items-center justify-center gap-1 sc-btn  sc-button-lg sc-button-link-underline\"\r\n        href=\"https:\/\/www.santacole.com\/es\/responsibility\/\" target=\"\"\r\n            >\r\n                    <i class=\"!text-base icon-arrow-up-right \"><\/i>\r\n        \r\n        <span class=\"flex align-items-center px-1 \">\r\n            Leer m\u00e1s        <\/span>\r\n\r\n            <\/a>\r\n\r\n\n<\/div>-->\r\n        \r\n        <!-- Nuevo (Block button dentro del block head -->\r\n        \r\n    <\/div>\r\n<\/div>\r\n\r\n<\/div>\n<\/div>\n<\/div>\n<\/div>\n<\/section>\n\n\n\n<section class=\"wp-block-group is-layout-constrained wp-container-core-group-is-layout-88821b9d wp-block-group-is-layout-constrained\" style=\"padding-right:var(--wp--preset--spacing--sm);padding-left:var(--wp--preset--spacing--sm)\">\n<div class=\"wp-block-columns is-layout-flex wp-container-core-columns-is-layout-c0198eba wp-block-columns-is-layout-flex\">\n<div class=\"wp-block-column is-layout-flow wp-block-column-is-layout-flow\"><\/div>\n\n\n\n<div class=\"wp-block-column is-layout-flow wp-block-column-is-layout-flow\"><\/div>\n<\/div>\n<\/section>\n<\/div>\n\n<section class=\"wp-block-group is-layout-constrained wp-container-core-group-is-layout-9ac8ea43 wp-block-group-is-layout-constrained\" style=\"padding-top:0;padding-right:var(--wp--preset--spacing--md);padding-bottom:0;padding-left:var(--wp--preset--spacing--md)\">\n<div class=\"wp-block-columns is-layout-flex wp-container-core-columns-is-layout-57955349 wp-block-columns-is-layout-flex\" style=\"padding-bottom:var(--wp--preset--spacing--rythm-md)\">\n<div class=\"wp-block-column is-layout-flow wp-block-column-is-layout-flow\"><\/div>\n\n\n\n<div class=\"wp-block-column is-layout-flow wp-container-core-column-is-layout-8a368f38 wp-block-column-is-layout-flow\" style=\"flex-basis:66.6%\">\r\n<div class=\" \">\r\n    <div class=\"block-head  \">\r\n\r\n        <div class=\"font-suisseIntl !font-thin !text-[length:var(--sc-typography-h4-font-size)] leading-[length:var(--sc-typography-h4-line-height)] !m-0 indent-sc-spacing-padding-md !text-[var(--color-sc-color-foreground)] pb-0 pr-0\"><p>Nuestra pr\u00e1ctica se basa en un ojo perspicaz: seleccionar con precisi\u00f3n intuitiva piezas, a menudo creadas por otros, y sacarlas a la luz. Es una forma de trabajar que defiende una amplia difusi\u00f3n, salvaguarda la autor\u00eda y defiende el valor duradero del buen dise\u00f1o. <\/p>\n<p>Nuestra est\u00e9tica es m\u00e1s atemporal que futurista, abrazando la historia por encima de la moda, el silencio por encima del ruido. Del espect\u00e1culo a la sustancia: si los objetos pueden leerse, es porque tienen algo que decir. <\/p>\n<p>Los nuestros son productos cocinados a fuego lento, elaborados para durar, dise\u00f1ados para pasar de generaci\u00f3n en generaci\u00f3n. Una forma de ver que encuentra sentido en lo aparentemente sencillo, dando valor a la calidad, la calidez y el confort, nacida del equilibrio entre artesan\u00eda e industria. <\/p>\n<\/div>\r\n                    <!-- Anidar opci\u00f3n de a\u00f1adir bloque de button -->\r\n            <!--<div class=\"acf-innerblocks-container\"><\/div>-->\r\n        \r\n        <!-- Nuevo (Block button dentro del block head -->\r\n        \r\n    <\/div>\r\n<\/div>\r\n\r\n<\/div>\n<\/div>\n\n\n\n\n  \n<div class=\"separator bg-sc-color-border \nh-[1px] w-full\">\n  \n<\/div>\n<\/section>\n\n<section class=\"wp-block-group is-layout-constrained wp-block-group-is-layout-constrained\" style=\"padding-top:var(--wp--preset--spacing--xl);padding-bottom:var(--wp--preset--spacing--xl)\">\n<div class=\"wp-block-columns is-layout-flex wp-container-core-columns-is-layout-4288af41 wp-block-columns-is-layout-flex\" style=\"padding-top:var(--wp--preset--spacing--sm);padding-right:var(--wp--preset--spacing--md);padding-bottom:0;padding-left:var(--wp--preset--spacing--md)\">\n<div class=\"wp-block-column is-layout-flow wp-block-column-is-layout-flow\" style=\"flex-basis:66.66%\">\r\n<div class=\" \">\r\n    <div class=\"block-head  \">\r\n\r\n        <h3 class=\"font-suisseIntl !font-thin !text-[length:var(--sc-typography-h3-font-size)] leading-[length:var(--sc-typography-h3-line-height)] !m-0 indent-sc-spacing-padding-lg !text-[var(--color-sc-color-foreground)] pb-0 pr-0\">Explora nuestro cat\u00e1logo y descubre c\u00f3mo los objetos que editamos conviven en diferentes espacios<\/h3>\r\n                    <!-- Anidar opci\u00f3n de a\u00f1adir bloque de button -->\r\n            <!--<div class=\"acf-innerblocks-container\"><\/div>-->\r\n        \r\n        <!-- Nuevo (Block button dentro del block head -->\r\n        \r\n    <\/div>\r\n<\/div>\r\n\r\n<\/div>\n\n\n\n<div class=\"wp-block-column is-layout-flow wp-block-column-is-layout-flow\" style=\"flex-basis:33.33%\"><\/div>\n<\/div>\n\n\n\n<div class=\"wp-block-group is-nowrap is-layout-flex wp-container-core-group-is-layout-491e910d wp-block-group-is-layout-flex\" style=\"padding-right:var(--wp--preset--spacing--md);padding-left:var(--wp--preset--spacing--md)\">\r\n\r\n    <a\r\n        class=\"flex items-center justify-center gap-1 sc-btn  sc-button-sm sc-button-ghost\"\r\n        href=\"https:\/\/www.santacole.com\/es\/products\/\" target=\"\"\r\n            >\r\n                    <i class=\"!text-base icon-arrow-up-right \"><\/i>\r\n        \r\n        <span class=\"flex align-items-center px-1 \">\r\n            Productos        <\/span>\r\n\r\n            <\/a>\r\n\r\n<\/div>\n<\/section>\n","protected":false},"excerpt":{"rendered":"<p>Fundada en 1985, Santa &amp; Cole es una editora independiente de dise\u00f1o, arte y libros con sede en Belloch (Barcelona, Espa\u00f1a).<\/p>\n","protected":false},"author":6,"featured_media":0,"parent":0,"menu_order":0,"comment_status":"closed","ping_status":"closed","template":"","meta":{"_acf_changed":false,"footnotes":""},"class_list":["post-56055","page","type-page","status-publish","hentry","entry"],"acf":[],"_links":{"self":[{"href":"https:\/\/www.santacole.com\/es\/wp-json\/wp\/v2\/pages\/56055","targetHints":{"allow":["GET"]}}],"collection":[{"href":"https:\/\/www.santacole.com\/es\/wp-json\/wp\/v2\/pages"}],"about":[{"href":"https:\/\/www.santacole.com\/es\/wp-json\/wp\/v2\/types\/page"}],"author":[{"embeddable":true,"href":"https:\/\/www.santacole.com\/es\/wp-json\/wp\/v2\/users\/6"}],"replies":[{"embeddable":true,"href":"https:\/\/www.santacole.com\/es\/wp-json\/wp\/v2\/comments?post=56055"}],"version-history":[{"count":3,"href":"https:\/\/www.santacole.com\/es\/wp-json\/wp\/v2\/pages\/56055\/revisions"}],"predecessor-version":[{"id":59804,"href":"https:\/\/www.santacole.com\/es\/wp-json\/wp\/v2\/pages\/56055\/revisions\/59804"}],"wp:attachment":[{"href":"https:\/\/www.santacole.com\/es\/wp-json\/wp\/v2\/media?parent=56055"}],"curies":[{"name":"wp","href":"https:\/\/api.w.org\/{rel}","templated":true}]}}