{"id":47218,"date":"2025-10-04T11:43:51","date_gmt":"2025-10-04T09:43:51","guid":{"rendered":"https:\/\/www.santacole.com\/catalogos\/"},"modified":"2026-02-23T13:41:21","modified_gmt":"2026-02-23T12:41:21","slug":"catalogos","status":"publish","type":"page","link":"https:\/\/www.santacole.com\/es\/catalogos\/","title":{"rendered":"Cat\u00e1logos"},"content":{"rendered":"\n<div class=\"wp-block-group has-color-primary-foreground-background-color has-background is-layout-constrained wp-block-group-is-layout-constrained\" data-theme=\"darkPro\">\n<div class=\"block-header pt-sc-layout-grid-padding-column-rythm-xl pb-sc-spacing-padding-sm align wp-block-santacole-block-section-header\">\n\n        \n<\/div>\n\n\n  <div class=\"tab-group\n    is_tab_content \n        tabs-line bg-sc-color-primary-foreground    \">\n    <div class=\"overflow-auto                 \">\n\n      <ul class=\"flex relative flex-[1_0_0] gap-0 !m-none !list-none no-scrollbar\n        pl-sc-layout-grid-padding-column-rythm-sm\"\n        id=\"wtb-list-tabs\">\n\n        <div class=\"absolute w-full\n          bottom-0 left-0 border-b border-sc-color-border          \">\n        <\/div>\n\n                  <li data-sc-toggle=\"tab\"\n              data-sc-parent=\"#wtb-list-tabs\"\n              data-label=\"Cat\u00e1logo actual\">\n            <a\n              href=\"#current_catalog\"\n              class=\"block\n                active                 sc-tab                                \"\n                              data-anchor=\"#current_catalog\"\n                          >\n              Cat\u00e1logo actual            <\/a>\n          <\/li>\n                  <li data-sc-toggle=\"tab\"\n              data-sc-parent=\"#wtb-list-tabs\"\n              data-label=\"Archivo\">\n            <a\n              href=\"#archive_catalogs\"\n              class=\"block\n                                 sc-tab                                \"\n                              data-anchor=\"#archive_catalogs\"\n                          >\n              Archivo            <\/a>\n          <\/li>\n              <\/ul>\n    <\/div>\n  <\/div>\n      \n     \n    <div class=\"sc-parent\" style=\"position:relative;\">\n      <div class=\"panes\">\n\n<div\n    id=\"current_catalog\"\n    data-sc-target=\"current_catalog\"\n    class=\"sc-tab-pane active\"\n>\n    <div class=\"acf-innerblocks-container\">\n\n<div class=\"wp-block-group is-layout-flow wp-block-group-is-layout-flow\">\n<div class=\"wp-block-group is-layout-constrained wp-block-group-is-layout-constrained\" style=\"padding-top:var(--wp--preset--spacing--rythm-md)\">\n<div style=\"position:relative;padding-top:max(60%,324px);width:100%;height:0;\"><iframe style=\"position:absolute;border:none;width:100%;height:100%;left:0;top:0;\" src=\"https:\/\/online.fliphtml5.com\/zugzq\/nxke\/\" seamless=\"seamless\" scrolling=\"no\" frameborder=\"0\" allowtransparency=\"true\" allowfullscreen=\"true\"><\/iframe><\/div>\n<\/div>\n<\/div>\n\n<\/div>\n<\/div>\n\n\n<div\n    id=\"archive_catalogs\"\n    data-sc-target=\"archive_catalogs\"\n    class=\"sc-tab-pane\"\n>\n    <div class=\"acf-innerblocks-container\">\n\n<div class=\"wp-block-group is-layout-flow wp-block-group-is-layout-flow\">\n<div class=\"wp-block-group has-color-primary-foreground-background-color has-background is-layout-constrained wp-block-group-is-layout-constrained\" style=\"padding-top:var(--wp--preset--spacing--rythm-md);padding-bottom:var(--wp--preset--spacing--rythm-xl)\">\n<div class=\"wp-block-columns is-layout-flex wp-container-core-columns-is-layout-28f84493 wp-block-columns-is-layout-flex\">\n<div class=\"wp-block-column is-vertically-aligned-bottom is-layout-flow wp-block-column-is-layout-flow\">\n<img decoding=\"async\" src=\"https:\/\/online.fliphtml5.com\/zugzq\/bzdq\/files\/shot.jpg\" data-rel=\"fh5-light-box-demo\" data-href=\"https:\/\/online.fliphtml5.com\/zugzq\/bzdq\/\" data-width=\"400\" data-height=\"250\" data-title=\"\"\/>\n\n\n\r\n\r\n    <a\r\n        class=\"flex items-center justify-center gap-1 sc-btn  sc-button-lg sc-button-link\"\r\n        href=\"#\/\" target=\"_self\"\r\n            >\r\n        \r\n        <span class=\"flex align-items-center px-1 \">\r\n            Euroluce 2025        <\/span>\r\n\r\n            <\/a>\r\n\r\n<\/div>\n\n\n\n<div class=\"wp-block-column is-vertically-aligned-bottom is-layout-flow wp-block-column-is-layout-flow\">\n<img decoding=\"async\" src=\"https:\/\/online.fliphtml5.com\/zugzq\/dpcx\/files\/shot.jpg\" data-rel=\"fh5-light-box-demo\" data-href=\"https:\/\/online.fliphtml5.com\/zugzq\/dpcx\/\" data-width=\"400\" data-height=\"250\" data-title=\"\"\/>\n\n\n\r\n\r\n    <a\r\n        class=\"flex items-center justify-center gap-1 sc-btn  sc-button-lg sc-button-link\"\r\n        href=\"#\/\" target=\"_self\"\r\n            >\r\n        \r\n        <span class=\"flex align-items-center px-1 \">\r\n            Strofa chiara, strofa scura        <\/span>\r\n\r\n            <\/a>\r\n\r\n<\/div>\n\n\n\n<div class=\"wp-block-column is-vertically-aligned-bottom is-layout-flow wp-block-column-is-layout-flow\">\n<img decoding=\"async\" src=\"https:\/\/online.fliphtml5.com\/zugzq\/xacm\/files\/shot.jpg\" data-rel=\"fh5-light-box-demo\" data-href=\"https:\/\/online.fliphtml5.com\/zugzq\/xacm\/\" data-width=\"400\" data-height=\"250\" data-title=\"\"\/>\n\n\n\r\n\r\n    <a\r\n        class=\"flex items-center justify-center gap-1 sc-btn  sc-button-lg sc-button-link\"\r\n        href=\"#\/\" target=\"_self\"\r\n            >\r\n        \r\n        <span class=\"flex align-items-center px-1 \">\r\n            Cat\u00e1logo de Santa &amp; Cole 2012        <\/span>\r\n\r\n            <\/a>\r\n\r\n<\/div>\n\n\n\n<div class=\"wp-block-column is-layout-flow wp-block-column-is-layout-flow\"><\/div>\n\n\n\n<div class=\"wp-block-column is-layout-flow wp-block-column-is-layout-flow\"><\/div>\n\n\n\n<div class=\"wp-block-column is-layout-flow wp-block-column-is-layout-flow\"><\/div>\n<\/div>\n<\/div>\n<\/div>\n\n<\/div>\n<\/div>\n<\/div>\n    <\/div>\n    \n  \n\n\n\n<section class=\"wp-block-group is-layout-constrained wp-block-group-is-layout-constrained\" style=\"padding-top:var(--wp--preset--spacing--xl);padding-bottom:var(--wp--preset--spacing--xl)\">\n<div class=\"wp-block-columns is-layout-flex wp-container-core-columns-is-layout-4288af41 wp-block-columns-is-layout-flex\" style=\"padding-top:var(--wp--preset--spacing--sm);padding-right:var(--wp--preset--spacing--md);padding-bottom:0;padding-left:var(--wp--preset--spacing--md)\">\n<div class=\"wp-block-column is-layout-flow wp-block-column-is-layout-flow\" style=\"flex-basis:66.66%\">\r\n<div class=\" \">\r\n    <div class=\"block-head  \">\r\n\r\n        <h3 class=\"font-suisseIntl !font-thin !text-[length:var(--sc-typography-h3-font-size)] leading-[length:var(--sc-typography-h3-line-height)] !m-0 indent-sc-spacing-padding-lg !text-[var(--color-sc-color-foreground)] pb-0 pr-0\">Creemos que el buen dise\u00f1o resiste el paso del tiempo. Trasciende las tendencias y los lugares: perdura. Guiados por la historia m\u00e1s que por la moda, y por la calidad antes que la cantidad, aspiramos a crear un mundo materialmente m\u00e1s sostenible.  <\/h3>\r\n                    <!-- Anidar opci\u00f3n de a\u00f1adir bloque de button -->\r\n            <!--<div class=\"acf-innerblocks-container\"><\/div>-->\r\n        \r\n        <!-- Nuevo (Block button dentro del block head -->\r\n        \r\n    <\/div>\r\n<\/div>\r\n\r\n<\/div>\n\n\n\n<div class=\"wp-block-column is-layout-flow wp-block-column-is-layout-flow\" style=\"flex-basis:33.33%\"><\/div>\n<\/div>\n\n\n\n<div class=\"wp-block-group is-nowrap is-layout-flex wp-container-core-group-is-layout-491e910d wp-block-group-is-layout-flex\" style=\"padding-right:var(--wp--preset--spacing--md);padding-left:var(--wp--preset--spacing--md)\">\r\n\r\n    <a\r\n        class=\"flex items-center justify-center gap-1 sc-btn  sc-button-sm sc-button-ghost\"\r\n        href=\"https:\/\/www.santacole.com\/es\/nosotros\/\" target=\"\"\r\n            >\r\n                    <i class=\"!text-base icon-arrow-up-right \"><\/i>\r\n        \r\n        <span class=\"flex align-items-center px-1 \">\r\n            Nosotros        <\/span>\r\n\r\n            <\/a>\r\n\r\n\n\n\r\n\r\n    <a\r\n        class=\"flex items-center justify-center gap-1 sc-btn  sc-button-sm sc-button-ghost\"\r\n        href=\"https:\/\/www.santacole.com\/es\/nosotros\/parc-de-belloch\/\" target=\"\"\r\n            >\r\n                    <i class=\"!text-base icon-arrow-up-right \"><\/i>\r\n        \r\n        <span class=\"flex align-items-center px-1 \">\r\n            Sede de Belloch        <\/span>\r\n\r\n            <\/a>\r\n\r\n<\/div>\n<\/section>\n<\/div>\n","protected":false},"excerpt":{"rendered":"","protected":false},"author":6,"featured_media":0,"parent":0,"menu_order":0,"comment_status":"closed","ping_status":"closed","template":"","meta":{"_acf_changed":false,"footnotes":""},"class_list":["post-47218","page","type-page","status-publish","hentry","entry"],"acf":[],"_links":{"self":[{"href":"https:\/\/www.santacole.com\/es\/wp-json\/wp\/v2\/pages\/47218","targetHints":{"allow":["GET"]}}],"collection":[{"href":"https:\/\/www.santacole.com\/es\/wp-json\/wp\/v2\/pages"}],"about":[{"href":"https:\/\/www.santacole.com\/es\/wp-json\/wp\/v2\/types\/page"}],"author":[{"embeddable":true,"href":"https:\/\/www.santacole.com\/es\/wp-json\/wp\/v2\/users\/6"}],"replies":[{"embeddable":true,"href":"https:\/\/www.santacole.com\/es\/wp-json\/wp\/v2\/comments?post=47218"}],"version-history":[{"count":2,"href":"https:\/\/www.santacole.com\/es\/wp-json\/wp\/v2\/pages\/47218\/revisions"}],"predecessor-version":[{"id":80514,"href":"https:\/\/www.santacole.com\/es\/wp-json\/wp\/v2\/pages\/47218\/revisions\/80514"}],"wp:attachment":[{"href":"https:\/\/www.santacole.com\/es\/wp-json\/wp\/v2\/media?parent=47218"}],"curies":[{"name":"wp","href":"https:\/\/api.w.org\/{rel}","templated":true}]}}