{"id":47166,"date":"2025-09-09T13:34:19","date_gmt":"2025-09-09T11:34:19","guid":{"rendered":"https:\/\/www.santacole.com\/tiendas-online\/"},"modified":"2025-10-18T18:05:07","modified_gmt":"2025-10-18T16:05:07","slug":"tiendas-online","status":"publish","type":"page","link":"https:\/\/www.santacole.com\/es\/donde-comprar\/tiendas-online\/","title":{"rendered":"Tiendas online"},"content":{"rendered":"\n<div class=\"block-header pt-sc-layout-grid-padding-column-rythm-xl pb-sc-spacing-padding-sm align wp-block-santacole-block-section-header\">\n\n        \n<\/div>\n  <div class=\"tab-group\n     \n    sticky top-0 z-[10]    tabs-line bg-sc-color-primary-foreground    \">\n    <div class=\"overflow-auto                 \">\n\n      <ul class=\"flex relative flex-[1_0_0] gap-0 !m-none !list-none no-scrollbar\n        pl-sc-layout-grid-padding-column-rythm-sm\"\n        id=\"wtb-list-tabs\">\n\n        <div class=\"absolute w-full\n          bottom-0 left-0 border-b border-sc-color-border          \">\n        <\/div>\n\n                  <li data-sc-toggle=\"tab\"\n              data-sc-parent=\"#wtb-list-tabs\"\n              data-label=\"Descripci\u00f3n general\">\n            <a\n              href=\"https:\/\/www.santacole.com\/es\/donde-comprar\/\"\n              class=\"block\n                                 sc-tab                                \"\n                          >\n              Descripci\u00f3n general            <\/a>\n          <\/li>\n                  <li data-sc-toggle=\"tab\"\n              data-sc-parent=\"#wtb-list-tabs\"\n              data-label=\"Tiendas\">\n            <a\n              href=\"https:\/\/www.santacole.com\/es\/donde-comprar\/tiendas\/\"\n              class=\"block\n                                 sc-tab                                \"\n                          >\n              Tiendas            <\/a>\n          <\/li>\n                  <li data-sc-toggle=\"tab\"\n              data-sc-parent=\"#wtb-list-tabs\"\n              data-label=\"Encuentre a su representante\">\n            <a\n              href=\"https:\/\/www.santacole.com\/es\/donde-comprar\/encuentre-a-su-representante\/\"\n              class=\"block\n                                 sc-tab                                \"\n                          >\n              Encuentre a su representante            <\/a>\n          <\/li>\n                  <li data-sc-toggle=\"tab\"\n              data-sc-parent=\"#wtb-list-tabs\"\n              data-label=\"Tiendas online\">\n            <a\n              href=\"https:\/\/www.santacole.com\/es\/donde-comprar\/tiendas-online\/\"\n              class=\"block\n                active                 sc-tab                                \"\n                          >\n              Tiendas online            <\/a>\n          <\/li>\n                  <li data-sc-toggle=\"tab\"\n              data-sc-parent=\"#wtb-list-tabs\"\n              data-label=\"Formulario de contacto\">\n            <a\n              href=\"https:\/\/www.santacole.com\/es\/donde-comprar\/formulario-de-contacto\/\"\n              class=\"block\n                                 sc-tab                                \"\n                          >\n              Formulario de contacto            <\/a>\n          <\/li>\n              <\/ul>\n    <\/div>\n  <\/div>\n  \n\n<div style=\"height:var(--wp--preset--spacing--rythm-sm)\" aria-hidden=\"true\" class=\"wp-block-spacer\"><\/div>\n\n<div class=\"wp-block-group is-layout-constrained wp-block-group-is-layout-constrained\" style=\"padding-bottom:var(--wp--preset--spacing--rythm-lg)\"><div class=\"pb-sc-spacing-padding-xxl\" id=\"wtb-online-stores\">\n    <div class=\"pb-sc-spacing-padding-sm\">\n        <div class=\"border-b border-sc-color-border flex items-center justify-between py-4 gap-4 w-full text-left text-xl\" id=\"tab-title-1\">\n            <span class=\"mb-0 text-vertical-trim px-sc-spacing-padding-md\">\n                <h4 class=\"text-h4\">Europe<\/h4>\n            <\/span>\n        <\/div>\n                                <div class=\"container-continent  px-sc-spacing-padding-md overflow-hidden transition-all duration-300 ease-in-out\" id=\"europe\">\n                <div class=\"py-sc-spacing-padding-md mt-sc-spacing-padding-md\">\n                    <div class=\"md:px-sc-spacing-padding-md\">\n                                                <div class=\"mb-16 w-full overflow-x-scroll bg-sc-color-primary-foreground text-sc-color-primary\">\n                            <ul id=\"europe-list-tabs\" class=\"sc-tab-container flex border-b-1 border-sc-color-border\">\n                                                                    <li data-sc-toggle=\"tab\" data-sc-parent=\"#europe-list-tabs\" data-sc-target=\"#europe-germany\" class=\"sc-tab active !px-4 !pt-2 !pb-3 text-sc-color-foreground leading-[100%]\">\n                                        Germany                                    <\/li>\n                                                            <\/ul>\n                        <\/div>\n                                                    <div class=\"sc-tab-pane fade active grid grid-cols-2 md:grid-cols-4 gap-x-4 gap-y-16\" id=\"europe-germany\">\n                                                                                                                                                    <div class=\"flex flex-col items-start self-stretch font-light gap-4\">\n                                            <p class=\"text-vertical-trim mb-0 text-body-md font-medium\">Ambiente Direct GmbH<\/p>\n                                            <div class=\"flex flex-col gap-3\">\n                                                 <p class=\"text-vertical-trim\">Baierbrunner Str. 15<\/p>                                                  <p class=\"text-vertical-trim\">M\u00fcnchen<\/p>                                                  <a class=\"text-vertical-trim\" href=\"tel:089 62826907\">089 62826907<\/a>                                                  <a class=\"text-vertical-trim\" href=\"https:\/\/www.ambientedirect.com\/?utm_source=google&#038;utm_medium=organic&#038;utm_campaign=google-my-business\" rel=\"nofollow noopener\" target=\"_blank\">https:\/\/www.ambientedirect.com\/?utm_source=google&#038;utm_medium=organic&#038;utm_campaign=google-my-business<\/a>                                             <\/div>\n                                                                                    <\/div>\n                                                                                                                                                                                                                                                                                                                                                        <div class=\"flex flex-col items-start self-stretch font-light gap-4\">\n                                            <p class=\"text-vertical-trim mb-0 text-body-md font-medium\">Lumen Lighting Nostraforma GmbH &#038; Co. KG<\/p>\n                                            <div class=\"flex flex-col gap-3\">\n                                                 <p class=\"text-vertical-trim\">Bodenseestr. 129<\/p>                                                  <p class=\"text-vertical-trim\">M\u00fcnchen<\/p>                                                  <a class=\"text-vertical-trim\" href=\"tel:089 82080620\">089 82080620<\/a>                                                  <a class=\"text-vertical-trim\" href=\"https:\/\/www.nostraforma.com\/\" rel=\"nofollow noopener\" target=\"_blank\">https:\/\/www.nostraforma.com\/<\/a>                                             <\/div>\n                                                                                    <\/div>\n                                                                                                                                                                                                                                                                <\/div>\n                                            <\/div>\n                <\/div>\n            <\/div>\n                                <div class=\"container-continent hidden px-sc-spacing-padding-md overflow-hidden transition-all duration-300 ease-in-out\" id=\"north-america\">\n                <div class=\"py-sc-spacing-padding-md mt-sc-spacing-padding-md\">\n                    <div class=\"md:px-sc-spacing-padding-md\">\n                                                <div class=\"mb-16 w-full overflow-x-scroll bg-sc-color-primary-foreground text-sc-color-primary\">\n                            <ul id=\"north-america-list-tabs\" class=\"sc-tab-container flex border-b-1 border-sc-color-border\">\n                                                                    <li data-sc-toggle=\"tab\" data-sc-parent=\"#north-america-list-tabs\" data-sc-target=\"#north-america-united-states\" class=\"sc-tab active !px-4 !pt-2 !pb-3 text-sc-color-foreground leading-[100%]\">\n                                        United States                                    <\/li>\n                                                            <\/ul>\n                        <\/div>\n                                                    <div class=\"sc-tab-pane fade active grid grid-cols-2 md:grid-cols-4 gap-x-4 gap-y-16\" id=\"north-america-united-states\">\n                                                                                                                                                    <div class=\"flex flex-col items-start self-stretch font-light gap-4\">\n                                            <p class=\"text-vertical-trim mb-0 text-body-md font-medium\">HORNE<\/p>\n                                            <div class=\"flex flex-col gap-3\">\n                                                 <p class=\"text-vertical-trim\">118 N Water St<\/p>                                                  <p class=\"text-vertical-trim\">Lancaster<\/p>                                                  <a class=\"text-vertical-trim\" href=\"tel:(877) 404-6763\">(877) 404-6763<\/a>                                                  <a class=\"text-vertical-trim\" href=\"https:\/\/shophorne.com\/\" rel=\"nofollow noopener\" target=\"_blank\">https:\/\/shophorne.com\/<\/a>                                             <\/div>\n                                                                                    <\/div>\n                                                                                                                                                                                                                                                                <\/div>\n                                            <\/div>\n                <\/div>\n            <\/div>\n                                                <\/div>\n<\/div>\n<\/div>\n\n<section class=\"wp-block-group is-layout-constrained wp-block-group-is-layout-constrained\" style=\"padding-top:var(--wp--preset--spacing--xl);padding-bottom:var(--wp--preset--spacing--xl)\">\n<div class=\"wp-block-columns is-layout-flex wp-container-core-columns-is-layout-4288af41 wp-block-columns-is-layout-flex\" style=\"padding-top:var(--wp--preset--spacing--sm);padding-right:var(--wp--preset--spacing--md);padding-bottom:0;padding-left:var(--wp--preset--spacing--md)\">\n<div class=\"wp-block-column is-layout-flow wp-block-column-is-layout-flow\" style=\"flex-basis:66.66%\">\r\n<div class=\" \">\r\n    <div class=\"block-head  \">\r\n\r\n        <h3 class=\"font-suisseIntl !font-thin !text-[length:var(--sc-typography-h3-font-size)] leading-[length:var(--sc-typography-h3-line-height)] !m-0 indent-sc-spacing-padding-lg !text-[var(--color-sc-color-foreground)] pb-0 pr-0\">Creemos que el buen dise\u00f1o resiste el paso del tiempo. Trasciende las tendencias y los lugares: perdura. Guiados por la historia m\u00e1s que por la moda, y por la calidad antes que la cantidad, aspiramos a crear un mundo materialmente m\u00e1s sostenible.  <\/h3>\r\n                    <!-- Anidar opci\u00f3n de a\u00f1adir bloque de button -->\r\n            <!--<div class=\"acf-innerblocks-container\"><\/div>-->\r\n        \r\n        <!-- Nuevo (Block button dentro del block head -->\r\n        \r\n    <\/div>\r\n<\/div>\r\n\r\n<\/div>\n\n\n\n<div class=\"wp-block-column is-layout-flow wp-block-column-is-layout-flow\" style=\"flex-basis:33.33%\"><\/div>\n<\/div>\n\n\n\n<div class=\"wp-block-group is-nowrap is-layout-flex wp-container-core-group-is-layout-491e910d wp-block-group-is-layout-flex\" style=\"padding-right:var(--wp--preset--spacing--md);padding-left:var(--wp--preset--spacing--md)\">\r\n\r\n    <a class=\"flex items-center justify-center gap-1 sc-btn  sc-button-sm sc-button-ghost\" href=\"https:\/\/www.santacole.com\/es\/nosotros\/\" target=\"\">\r\n                    <i class=\"!text-base icon-arrow-up-right \"><\/i>\r\n        \r\n        <span class=\"flex align-items-center px-1 \">\r\n            Nosotros        <\/span>\r\n\r\n            <\/a>\r\n\r\n\n\n\r\n\r\n    <a class=\"flex items-center justify-center gap-1 sc-btn  sc-button-sm sc-button-ghost\" href=\"https:\/\/www.santacole.com\/es\/nosotros\/parc-de-belloch\/\" target=\"\">\r\n                    <i class=\"!text-base icon-arrow-up-right \"><\/i>\r\n        \r\n        <span class=\"flex align-items-center px-1 \">\r\n            Sede de Belloch        <\/span>\r\n\r\n            <\/a>\r\n\r\n<\/div>\n<\/section>\n","protected":false},"excerpt":{"rendered":"","protected":false},"author":4,"featured_media":0,"parent":47308,"menu_order":0,"comment_status":"closed","ping_status":"closed","template":"","meta":{"_acf_changed":false,"footnotes":""},"class_list":["post-47166","page","type-page","status-publish","hentry","entry"],"acf":[],"_links":{"self":[{"href":"https:\/\/www.santacole.com\/es\/wp-json\/wp\/v2\/pages\/47166","targetHints":{"allow":["GET"]}}],"collection":[{"href":"https:\/\/www.santacole.com\/es\/wp-json\/wp\/v2\/pages"}],"about":[{"href":"https:\/\/www.santacole.com\/es\/wp-json\/wp\/v2\/types\/page"}],"author":[{"embeddable":true,"href":"https:\/\/www.santacole.com\/es\/wp-json\/wp\/v2\/users\/4"}],"replies":[{"embeddable":true,"href":"https:\/\/www.santacole.com\/es\/wp-json\/wp\/v2\/comments?post=47166"}],"version-history":[{"count":1,"href":"https:\/\/www.santacole.com\/es\/wp-json\/wp\/v2\/pages\/47166\/revisions"}],"predecessor-version":[{"id":47168,"href":"https:\/\/www.santacole.com\/es\/wp-json\/wp\/v2\/pages\/47166\/revisions\/47168"}],"up":[{"embeddable":true,"href":"https:\/\/www.santacole.com\/es\/wp-json\/wp\/v2\/pages\/47308"}],"wp:attachment":[{"href":"https:\/\/www.santacole.com\/es\/wp-json\/wp\/v2\/media?parent=47166"}],"curies":[{"name":"wp","href":"https:\/\/api.w.org\/{rel}","templated":true}]}}