{"id":3904,"date":"2025-03-10T12:55:37","date_gmt":"2025-03-10T11:55:37","guid":{"rendered":"https:\/\/www.santacole.com\/aftersales\/"},"modified":"2025-10-27T12:32:42","modified_gmt":"2025-10-27T11:32:42","slug":"posventa","status":"publish","type":"page","link":"https:\/\/www.santacole.com\/es\/posventa\/","title":{"rendered":"Posventa"},"content":{"rendered":"\n<div style=\"height:var(--wp--preset--spacing--rythm-xl)\" aria-hidden=\"true\" class=\"wp-block-spacer\"><\/div>\n\n\n\n<section class=\"wp-block-group is-layout-constrained wp-block-group-is-layout-constrained\" style=\"padding-bottom:var(--wp--preset--spacing--rythm-md)\">\n<section class=\"wp-block-group is-layout-constrained wp-container-core-group-is-layout-3e030e78 wp-block-group-is-layout-constrained\" style=\"padding-top:0;padding-right:var(--wp--preset--spacing--md);padding-bottom:var(--wp--preset--spacing--sm);padding-left:var(--wp--preset--spacing--md)\">\n<div class=\"wp-block-columns is-layout-flex wp-container-core-columns-is-layout-28f84493 wp-block-columns-is-layout-flex\">\n<div class=\"wp-block-column is-layout-flow wp-block-column-is-layout-flow\" style=\"flex-basis:66.66%\">\r\n<div class=\" \">\r\n    <div class=\"block-head  \">\r\n\r\n        <h3 class=\"font-suisseIntl !font-thin !text-[length:var(--sc-typography-h3-font-size)] leading-[length:var(--sc-typography-h3-line-height)] !m-0 indent-[0px] !text-[var(--color-sc-color-foreground)] pb-4 pr-0\">Posventa<\/h3><div class=\"font-suisseIntl !font-thin !text-[length:var(--sc-typography-body-lg-font-size)] leading-[length:var(--sc-typography-body-lg-line-height)] !m-0 indent-[0px] !text-[var(--color-sc-color-foreground)] pb-0 pr-0\"><p>Nuestra responsabilidad no termina cuando un producto sale de nuestras manos. A trav\u00e9s de nuestro Servicio Postventa, nos aseguramos de que cada pieza siga rindiendo y perdurando en el tiempo. Ya sea proporcionando piezas de repuesto, realizando reparaciones u ofreciendo orientaci\u00f3n sobre el mantenimiento, nos mantenemos cerca de quienes eligen nuestros dise\u00f1os prolongando su vida \u00fatil y su valor.  <\/p>\n<\/div>\r\n                    <!-- Anidar opci\u00f3n de a\u00f1adir bloque de button -->\r\n            <!--<div class=\"acf-innerblocks-container\"><\/div>-->\r\n        \r\n        <!-- Nuevo (Block button dentro del block head -->\r\n        \r\n    <\/div>\r\n<\/div>\r\n\r\n<\/div>\n\n\n\n<div class=\"wp-block-column is-layout-flow wp-block-column-is-layout-flow\" style=\"flex-basis:33.33%\"><\/div>\n<\/div>\n<\/section>\n\n\n\n<section class=\"wp-block-group is-layout-constrained wp-container-core-group-is-layout-139feece wp-block-group-is-layout-constrained\" style=\"padding-right:var(--wp--preset--spacing--md);padding-left:var(--wp--preset--spacing--md)\">\n<div class=\"wp-block-columns is-layout-flex wp-container-core-columns-is-layout-28f84493 wp-block-columns-is-layout-flex\">\n<div class=\"wp-block-column is-layout-flow wp-block-column-is-layout-flow\">\r\n<div class=\"block-card    \" data-post_type=\"\">\r\n\r\n    <!-- Bloque imagen -->\r\n    \n<div class=\"block-image group w-full relative   overflow-hidden aspect-5\/4 flex justify-center items-center\" style=\"\">\n\n    \n    <!-- Si hay link dentro del bloque imagen -->\n    \n        <a class=\"w-full h-full\" href=\"https:\/\/www.santacole.com\/es\/aftersales\/care-maintenance\/\" target=\"_self\">\n\n        \n    <!-- Simple -->\n    \n        <img decoding=\"async\" width=\"1280\" height=\"1685\" src=\"https:\/\/www.santacole.com\/wp-content\/uploads\/2025\/09\/03500002_03-RED-1280x1685.jpg\" class=\"  w-full h-full object-cover\" alt=\"03500002_03-RED\" sizes=\"100vw\" srcset=\"https:\/\/www.santacole.com\/wp-content\/uploads\/2025\/09\/03500002_03-RED-1280x1685.jpg 1280w, https:\/\/www.santacole.com\/wp-content\/uploads\/2025\/09\/03500002_03-RED-1200x1580.jpg 1200w, https:\/\/www.santacole.com\/wp-content\/uploads\/2025\/09\/03500002_03-RED-600x790.jpg 600w, https:\/\/www.santacole.com\/wp-content\/uploads\/2025\/09\/03500002_03-RED-300x395.jpg 300w, https:\/\/www.santacole.com\/wp-content\/uploads\/2025\/09\/03500002_03-RED-768x1011.jpg 768w, https:\/\/www.santacole.com\/wp-content\/uploads\/2025\/09\/03500002_03-RED.jpg 1367w\" loading=\"lazy\" \/>        \n        <!-- Caption inside -->\n        \n    \n    <!-- Hover overlay -->\n    \n    <!-- Slider gallery -->\n    \n    <!-- Si hay link cierre -->\n            <\/a>\n    \n<\/div>\n\n<!-- Simple (Caption outside) -->\n    \n    <!-- Caption outside -->\n    \n\n\n\r\n    <!-- Footer card -->\r\n    \r\n        <div class=\"block-card_foot flex  mt-sc-spacing-padding-md mb-sc-spacing-padding-md\">\r\n\r\n            <div class=\"w-full  \">\r\n\r\n                \r\n                <div class=\"grid grid-cols-1\">\r\n\r\n                    <div class=\"block-head\">\r\n                        \r\n<div class=\" \">\r\n    <div class=\"block-head  \">\r\n\r\n        <a class='block w-fit hover:!underline !underline-offset-[25%] ' href='https:\/\/www.santacole.com\/en\/aftersales\/care-maintenance\/'><p class=\"font-suisseIntl !font-normal !text-[length:var(--sc-typography-lead-font-size)] leading-[length:var(--sc-typography-lead-line-height)] !m-0 indent-[0px] !text-[var(--color-sc-color-foreground)] pb-2 pr-0\">Cuidado y mantenimiento<\/p><\/a><div class=\"font-suisseIntl !font-thin !text-[length:var(--sc-typography-body-md-font-size)] leading-[length:var(--sc-typography-body-md-line-height)] !m-0 indent-[0px] !text-[var(--color-sc-color-foreground)] pb-6 pr-sc-layout-grid-padding-column-rythm-xl\"><p class=\"p1\">Nuestro equipo le ofrece asesoramiento y conocimientos t\u00e9cnicos para ayudarle a cuidar cada pieza, garantizando su conservaci\u00f3n y disfrute de la mejor manera posible.<\/p>\n<\/div>\r\n                    <!-- Anidar opci\u00f3n de a\u00f1adir bloque de button -->\r\n            <!--<div class=\"acf-innerblocks-container\">\n\r\n\r\n    <a\r\n        class=\"flex items-center justify-center gap-1 sc-btn  sc-button-md sc-button-outline\"\r\n        href=\"https:\/\/www.santacole.com\/es\/aftersales\/care-maintenance\/\" target=\"\"\r\n            >\r\n                    <i class=\"!text-base icon-arrow-up-right \"><\/i>\r\n        \r\n        <span class=\"flex align-items-center px-1 \">\r\n            Obtener orientaci\u00f3n asistencial        <\/span>\r\n\r\n            <\/a>\r\n\r\n\n<\/div>-->\r\n        \r\n        <!-- Nuevo (Block button dentro del block head -->\r\n        \r\n    <\/div>\r\n<\/div>\r\n\r\n                    <\/div>\r\n\r\n                    <div>\r\n                                            <\/div>\r\n\r\n                <\/div>\r\n\r\n            <\/div>\r\n\r\n        <\/div>\r\n\r\n    \r\n<\/div>\r\n<\/div>\n\n\n\n<div class=\"wp-block-column is-layout-flow wp-block-column-is-layout-flow\">\r\n<div class=\"block-card    \" data-post_type=\"\">\r\n\r\n    <!-- Bloque imagen -->\r\n    \n<div class=\"block-image group w-full relative   overflow-hidden aspect-5\/4 flex justify-center items-center\" style=\"\">\n\n    \n    <!-- Si hay link dentro del bloque imagen -->\n    \n        <a class=\"w-full h-full\" href=\"https:\/\/www.santacole.com\/es\/contact-us\/\" target=\"_self\">\n\n        \n    <!-- Simple -->\n    \n        <img decoding=\"async\" width=\"1200\" height=\"1800\" src=\"https:\/\/www.santacole.com\/wp-content\/uploads\/2025\/09\/Tekio-Proceso-Yosigo-MIto-2025-086-RED.jpg\" class=\"  w-full h-full object-cover\" alt=\"Tekio-Proceso-Yosigo-MIto-2025-086-RED\" sizes=\"100vw\" srcset=\"https:\/\/www.santacole.com\/wp-content\/uploads\/2025\/09\/Tekio-Proceso-Yosigo-MIto-2025-086-RED.jpg 1200w, https:\/\/www.santacole.com\/wp-content\/uploads\/2025\/09\/Tekio-Proceso-Yosigo-MIto-2025-086-RED-600x900.jpg 600w, https:\/\/www.santacole.com\/wp-content\/uploads\/2025\/09\/Tekio-Proceso-Yosigo-MIto-2025-086-RED-300x450.jpg 300w, https:\/\/www.santacole.com\/wp-content\/uploads\/2025\/09\/Tekio-Proceso-Yosigo-MIto-2025-086-RED-768x1152.jpg 768w\" loading=\"lazy\" \/>        \n        <!-- Caption inside -->\n        \n    \n    <!-- Hover overlay -->\n    \n    <!-- Slider gallery -->\n    \n    <!-- Si hay link cierre -->\n            <\/a>\n    \n<\/div>\n\n<!-- Simple (Caption outside) -->\n    \n    <!-- Caption outside -->\n    \n\n\n\r\n    <!-- Footer card -->\r\n    \r\n        <div class=\"block-card_foot flex  mt-sc-spacing-padding-md mb-sc-spacing-padding-md\">\r\n\r\n            <div class=\"w-full  \">\r\n\r\n                \r\n                <div class=\"grid grid-cols-1\">\r\n\r\n                    <div class=\"block-head\">\r\n                        \r\n<div class=\" \">\r\n    <div class=\"block-head  \">\r\n\r\n        <a class='block w-fit hover:!underline !underline-offset-[25%] ' href='https:\/\/www.santacole.com\/en\/contact-us\/'><p class=\"font-suisseIntl !font-normal !text-[length:var(--sc-typography-lead-font-size)] leading-[length:var(--sc-typography-lead-line-height)] !m-0 indent-[0px] !text-[var(--color-sc-color-foreground)] pb-2 pr-0\">Contacto<\/p><\/a><div class=\"font-suisseIntl !font-thin !text-[length:var(--sc-typography-body-md-font-size)] leading-[length:var(--sc-typography-body-md-line-height)] !m-0 indent-[0px] !text-[var(--color-sc-color-foreground)] pb-6 pr-sc-layout-grid-padding-column-rythm-xl\"><p class=\"p1\">Nuestro equipo est\u00e1 preparado para ayudarle con cualquier consulta o solicitud, asegur\u00e1ndose de que recibe la orientaci\u00f3n y el apoyo que necesita.<\/p>\n<\/div>\r\n                    <!-- Anidar opci\u00f3n de a\u00f1adir bloque de button -->\r\n            <!--<div class=\"acf-innerblocks-container\">\n\r\n\r\n    <a\r\n        class=\"flex items-center justify-center gap-1 sc-btn  sc-button-md sc-button-outline\"\r\n        href=\"#\/\" target=\"_self\"\r\n            >\r\n                    <i class=\"!text-base icon-arrow-up-right \"><\/i>\r\n        \r\n        <span class=\"flex align-items-center px-1 \">\r\n            Contacta con nuestro equipo        <\/span>\r\n\r\n            <\/a>\r\n\r\n\n<\/div>-->\r\n        \r\n        <!-- Nuevo (Block button dentro del block head -->\r\n        \r\n    <\/div>\r\n<\/div>\r\n\r\n                    <\/div>\r\n\r\n                    <div>\r\n                                            <\/div>\r\n\r\n                <\/div>\r\n\r\n            <\/div>\r\n\r\n        <\/div>\r\n\r\n    \r\n<\/div>\r\n<\/div>\n<\/div>\n<\/section>\n\n\n\n<section class=\"wp-block-group is-layout-constrained wp-container-core-group-is-layout-139feece wp-block-group-is-layout-constrained\" style=\"padding-right:var(--wp--preset--spacing--md);padding-left:var(--wp--preset--spacing--md)\">\n<div class=\"wp-block-columns is-layout-flex wp-container-core-columns-is-layout-28f84493 wp-block-columns-is-layout-flex\">\n<div class=\"wp-block-column is-layout-flow wp-block-column-is-layout-flow\">\r\n<div class=\"block-card    \" data-post_type=\"\">\r\n\r\n    <!-- Bloque imagen -->\r\n    \n<div class=\"block-image group w-full relative   overflow-hidden aspect-5\/4 flex justify-center items-center\" style=\"\">\n\n    \n    <!-- Si hay link dentro del bloque imagen -->\n    \n        <a class=\"w-full h-full\" href=\"https:\/\/www.santacole.com\/es\/spare-parts\/\" target=\"_blank\">\n\n        \n    <!-- Simple -->\n    \n        <img decoding=\"async\" width=\"1280\" height=\"1708\" src=\"https:\/\/www.santacole.com\/wp-content\/uploads\/2025\/09\/6CES09_Cestita-Bateria_Cestita-Alubat_CESTC_CESTF_v2-1280x1708.jpg\" class=\"  w-full h-full object-cover\" alt=\"6CES09_Cestita-Bateria_Cestita-Alubat_CESTC_CESTF_v2\" sizes=\"100vw\" srcset=\"https:\/\/www.santacole.com\/wp-content\/uploads\/2025\/09\/6CES09_Cestita-Bateria_Cestita-Alubat_CESTC_CESTF_v2-1280x1708.jpg 1280w, https:\/\/www.santacole.com\/wp-content\/uploads\/2025\/09\/6CES09_Cestita-Bateria_Cestita-Alubat_CESTC_CESTF_v2-scaled-1200x1601.jpg 1200w, https:\/\/www.santacole.com\/wp-content\/uploads\/2025\/09\/6CES09_Cestita-Bateria_Cestita-Alubat_CESTC_CESTF_v2-600x800.jpg 600w, https:\/\/www.santacole.com\/wp-content\/uploads\/2025\/09\/6CES09_Cestita-Bateria_Cestita-Alubat_CESTC_CESTF_v2-300x400.jpg 300w, https:\/\/www.santacole.com\/wp-content\/uploads\/2025\/09\/6CES09_Cestita-Bateria_Cestita-Alubat_CESTC_CESTF_v2-768x1025.jpg 768w, https:\/\/www.santacole.com\/wp-content\/uploads\/2025\/09\/6CES09_Cestita-Bateria_Cestita-Alubat_CESTC_CESTF_v2-scaled.jpg 1919w\" loading=\"lazy\" \/>        \n        <!-- Caption inside -->\n        \n    \n    <!-- Hover overlay -->\n    \n    <!-- Slider gallery -->\n    \n    <!-- Si hay link cierre -->\n            <\/a>\n    \n<\/div>\n\n<!-- Simple (Caption outside) -->\n    \n    <!-- Caption outside -->\n    \n\n\n\r\n    <!-- Footer card -->\r\n    \r\n        <div class=\"block-card_foot flex  mt-sc-spacing-padding-md mb-sc-spacing-padding-md\">\r\n\r\n            <div class=\"w-full  \">\r\n\r\n                \r\n                <div class=\"grid grid-cols-1\">\r\n\r\n                    <div class=\"block-head\">\r\n                        \r\n<div class=\" \">\r\n    <div class=\"block-head  \">\r\n\r\n        <a class='block w-fit hover:!underline !underline-offset-[25%] ' href='172'><p class=\"font-suisseIntl !font-normal !text-[length:var(--sc-typography-lead-font-size)] leading-[length:var(--sc-typography-lead-line-height)] !m-0 indent-[0px] !text-[var(--color-sc-color-foreground)] pb-2 pr-0\">Piezas de recambio<\/p><\/a><div class=\"font-suisseIntl !font-thin !text-[length:var(--sc-typography-body-md-font-size)] leading-[length:var(--sc-typography-body-md-line-height)] !m-0 indent-[0px] !text-[var(--color-sc-color-foreground)] pb-6 pr-sc-layout-grid-padding-column-rythm-xl\"><p class=\"p1\">Dise\u00f1amos cada objeto pensando en su reparaci\u00f3n. Siempre disponemos de las piezas necesarias para prolongar su vida \u00fatil, fieles al prop\u00f3sito para el que fueron creados. <\/p>\n<\/div>\r\n                    <!-- Anidar opci\u00f3n de a\u00f1adir bloque de button -->\r\n            <!--<div class=\"acf-innerblocks-container\">\n\r\n\r\n    <a\r\n        class=\"flex items-center justify-center gap-1 sc-btn  sc-button-md sc-button-outline\"\r\n        href=\"https:\/\/www.santacole.com\/es\/spare-parts\/\" target=\"_self\"\r\n            >\r\n                    <i class=\"!text-base icon-arrow-up-right \"><\/i>\r\n        \r\n        <span class=\"flex align-items-center px-1 \">\r\n            Buscar piezas de recambio        <\/span>\r\n\r\n            <\/a>\r\n\r\n\n<\/div>-->\r\n        \r\n        <!-- Nuevo (Block button dentro del block head -->\r\n        \r\n    <\/div>\r\n<\/div>\r\n\r\n                    <\/div>\r\n\r\n                    <div>\r\n                                            <\/div>\r\n\r\n                <\/div>\r\n\r\n            <\/div>\r\n\r\n        <\/div>\r\n\r\n    \r\n<\/div>\r\n<\/div>\n\n\n\n<div class=\"wp-block-column is-layout-flow wp-block-column-is-layout-flow\">\r\n<div class=\"block-card    \" data-post_type=\"\">\r\n\r\n    <!-- Bloque imagen -->\r\n    \n<div class=\"block-image group w-full relative   overflow-hidden aspect-5\/4 flex justify-center items-center\" style=\"\">\n\n    \n    <!-- Si hay link dentro del bloque imagen -->\n    \n        <a class=\"w-full h-full\" href=\"https:\/\/www.santacole.com\/es\/aftersales\/repairs\/\" target=\"_self\">\n\n        \n    <!-- Simple -->\n    \n        <img decoding=\"async\" width=\"1280\" height=\"1707\" src=\"https:\/\/www.santacole.com\/wp-content\/uploads\/2025\/09\/Lucecitas-campana-verano-2025-Jara-Varela-2024-1641-Alubat-x2400-1280x1707.jpg\" class=\"  w-full h-full object-cover\" alt=\"Lucecitas-campana-verano-2025-Jara-Varela-2024-1641-Alubat-x2400\" sizes=\"100vw\" srcset=\"https:\/\/www.santacole.com\/wp-content\/uploads\/2025\/09\/Lucecitas-campana-verano-2025-Jara-Varela-2024-1641-Alubat-x2400-1280x1707.jpg 1280w, https:\/\/www.santacole.com\/wp-content\/uploads\/2025\/09\/Lucecitas-campana-verano-2025-Jara-Varela-2024-1641-Alubat-x2400-1200x1600.jpg 1200w, https:\/\/www.santacole.com\/wp-content\/uploads\/2025\/09\/Lucecitas-campana-verano-2025-Jara-Varela-2024-1641-Alubat-x2400-600x800.jpg 600w, https:\/\/www.santacole.com\/wp-content\/uploads\/2025\/09\/Lucecitas-campana-verano-2025-Jara-Varela-2024-1641-Alubat-x2400-300x400.jpg 300w, https:\/\/www.santacole.com\/wp-content\/uploads\/2025\/09\/Lucecitas-campana-verano-2025-Jara-Varela-2024-1641-Alubat-x2400-768x1024.jpg 768w, https:\/\/www.santacole.com\/wp-content\/uploads\/2025\/09\/Lucecitas-campana-verano-2025-Jara-Varela-2024-1641-Alubat-x2400.jpg 1800w\" loading=\"lazy\" \/>        \n        <!-- Caption inside -->\n        \n    \n    <!-- Hover overlay -->\n    \n    <!-- Slider gallery -->\n    \n    <!-- Si hay link cierre -->\n            <\/a>\n    \n<\/div>\n\n<!-- Simple (Caption outside) -->\n    \n    <!-- Caption outside -->\n    \n\n\n\r\n    <!-- Footer card -->\r\n    \r\n        <div class=\"block-card_foot flex  mt-sc-spacing-padding-md mb-sc-spacing-padding-md\">\r\n\r\n            <div class=\"w-full  \">\r\n\r\n                \r\n                <div class=\"grid grid-cols-1\">\r\n\r\n                    <div class=\"block-head\">\r\n                        \r\n<div class=\" \">\r\n    <div class=\"block-head  \">\r\n\r\n        <a class='block w-fit hover:!underline !underline-offset-[25%] ' href='https:\/\/www.santacole.com\/en\/aftersales\/repairs\/'><p class=\"font-suisseIntl !font-normal !text-[length:var(--sc-typography-lead-font-size)] leading-[length:var(--sc-typography-lead-line-height)] !m-0 indent-[0px] !text-[var(--color-sc-color-foreground)] pb-2 pr-0\">Reparaciones<\/p><\/a><div class=\"font-suisseIntl !font-thin !text-[length:var(--sc-typography-body-md-font-size)] leading-[length:var(--sc-typography-body-md-line-height)] !m-0 indent-[0px] !text-[var(--color-sc-color-foreground)] pb-6 pr-sc-layout-grid-padding-column-rythm-xl\"><p class=\"p1\">Un equipo dedicado, con comunicaci\u00f3n permanente y la posibilidad de visitar nuestras galer\u00edas para devolver cada pieza a su mejor estado.<\/p>\n<\/div>\r\n                    <!-- Anidar opci\u00f3n de a\u00f1adir bloque de button -->\r\n            <!--<div class=\"acf-innerblocks-container\">\n\r\n\r\n    <a\r\n        class=\"flex items-center justify-center gap-1 sc-btn  sc-button-md sc-button-outline\"\r\n        href=\"https:\/\/www.santacole.com\/es\/aftersales\/repairs\/\" target=\"\"\r\n            >\r\n                    <i class=\"!text-base icon-arrow-up-right \"><\/i>\r\n        \r\n        <span class=\"flex align-items-center px-1 \">\r\n            Solicitar una reparaci\u00f3n        <\/span>\r\n\r\n            <\/a>\r\n\r\n\n<\/div>-->\r\n        \r\n        <!-- Nuevo (Block button dentro del block head -->\r\n        \r\n    <\/div>\r\n<\/div>\r\n\r\n                    <\/div>\r\n\r\n                    <div>\r\n                                            <\/div>\r\n\r\n                <\/div>\r\n\r\n            <\/div>\r\n\r\n        <\/div>\r\n\r\n    \r\n<\/div>\r\n<\/div>\n<\/div>\n<\/section>\n<\/section>\n\n\n\n<section class=\"wp-block-group is-layout-constrained wp-container-core-group-is-layout-d32a31d1 wp-block-group-is-layout-constrained\" style=\"padding-top:var(--wp--preset--spacing--xl);padding-bottom:var(--wp--preset--spacing--xl)\">\n<div class=\"wp-block-columns is-layout-flex wp-container-core-columns-is-layout-4288af41 wp-block-columns-is-layout-flex\" style=\"padding-top:var(--wp--preset--spacing--sm);padding-right:var(--wp--preset--spacing--md);padding-bottom:0;padding-left:var(--wp--preset--spacing--md)\">\n<div class=\"wp-block-column is-layout-flow wp-block-column-is-layout-flow\"><\/div>\n\n\n\n<div class=\"wp-block-column is-layout-flow wp-block-column-is-layout-flow\" style=\"flex-basis:66.6%\">\n<p class=\"has-text-align-center has-h-4-font-size\" style=\"font-weight:400\">Fundada en 1985, Santa &amp; Cole es una editora independiente de objetos de dise\u00f1o, arte y libros con sede en Belloch (Barcelona, Espa\u00f1a).<\/p>\n<\/div>\n\n\n\n<div class=\"wp-block-column is-layout-flow wp-block-column-is-layout-flow\"><\/div>\n<\/div>\n\n\n\n<div class=\"wp-block-group is-content-justification-center is-nowrap is-layout-flex wp-container-core-group-is-layout-701230a0 wp-block-group-is-layout-flex\" style=\"padding-right:var(--wp--preset--spacing--md);padding-left:var(--wp--preset--spacing--md)\">\r\n\r\n    <a\r\n        class=\"flex items-center justify-center gap-1 sc-btn  sc-button-sm sc-button-ghost\"\r\n        href=\"https:\/\/www.santacole.com\/es\/nosotros\/\" target=\"\"\r\n            >\r\n                    <i class=\"!text-base icon-arrow-up-right \"><\/i>\r\n        \r\n        <span class=\"flex align-items-center px-1 \">\r\n            Nosotros        <\/span>\r\n\r\n            <\/a>\r\n\r\n\n\n\r\n\r\n    <a\r\n        class=\"flex items-center justify-center gap-1 sc-btn  sc-button-sm sc-button-ghost\"\r\n        href=\"https:\/\/www.santacole.com\/es\/nosotros\/parc-de-belloch\/\" target=\"\"\r\n            >\r\n                    <i class=\"!text-base icon-arrow-up-right \"><\/i>\r\n        \r\n        <span class=\"flex align-items-center px-1 \">\r\n            Nuestra sede en Belloch        <\/span>\r\n\r\n            <\/a>\r\n\r\n<\/div>\n<\/section>\n","protected":false},"excerpt":{"rendered":"","protected":false},"author":1,"featured_media":0,"parent":0,"menu_order":0,"comment_status":"closed","ping_status":"closed","template":"","meta":{"_acf_changed":false,"footnotes":""},"class_list":["post-3904","page","type-page","status-publish","hentry","entry"],"acf":[],"_links":{"self":[{"href":"https:\/\/www.santacole.com\/es\/wp-json\/wp\/v2\/pages\/3904","targetHints":{"allow":["GET"]}}],"collection":[{"href":"https:\/\/www.santacole.com\/es\/wp-json\/wp\/v2\/pages"}],"about":[{"href":"https:\/\/www.santacole.com\/es\/wp-json\/wp\/v2\/types\/page"}],"author":[{"embeddable":true,"href":"https:\/\/www.santacole.com\/es\/wp-json\/wp\/v2\/users\/1"}],"replies":[{"embeddable":true,"href":"https:\/\/www.santacole.com\/es\/wp-json\/wp\/v2\/comments?post=3904"}],"version-history":[{"count":3,"href":"https:\/\/www.santacole.com\/es\/wp-json\/wp\/v2\/pages\/3904\/revisions"}],"predecessor-version":[{"id":50430,"href":"https:\/\/www.santacole.com\/es\/wp-json\/wp\/v2\/pages\/3904\/revisions\/50430"}],"wp:attachment":[{"href":"https:\/\/www.santacole.com\/es\/wp-json\/wp\/v2\/media?parent=3904"}],"curies":[{"name":"wp","href":"https:\/\/api.w.org\/{rel}","templated":true}]}}