{"id":3900,"date":"2025-03-11T09:30:26","date_gmt":"2025-03-11T08:30:26","guid":{"rendered":"https:\/\/www.santacole.com\/consultoria-de-proyectos\/"},"modified":"2025-11-05T11:47:07","modified_gmt":"2025-11-05T10:47:07","slug":"project-support","status":"publish","type":"page","link":"https:\/\/www.santacole.com\/es\/area-profesional\/project-support\/","title":{"rendered":"Soporte de proyectos"},"content":{"rendered":"\n<div class=\"block-header pt-sc-layout-grid-padding-column-rythm-xl pb-sc-spacing-padding-sm align wp-block-santacole-block-section-header\">\n\n        \n<\/div>\n<div style=\"height:var(--wp--preset--spacing--rythm-xl)\" aria-hidden=\"true\" class=\"wp-block-spacer\"><\/div>\n\n<section id=\"lighting-support\" class=\"wp-block-group is-layout-constrained wp-container-core-group-is-layout-bc224996 wp-block-group-is-layout-constrained\" style=\"padding-right:var(--wp--preset--spacing--md);padding-bottom:1px;padding-left:var(--wp--preset--spacing--md)\">\n<div class=\"wp-block-columns is-layout-flex wp-container-core-columns-is-layout-28f84493 wp-block-columns-is-layout-flex\">\n<div class=\"wp-block-column is-layout-flow wp-block-column-is-layout-flow\">\n<div class=\"block-image group w-full relative !bg-sc-color-border  overflow-hidden aspect-3\/4 flex justify-center items-center\" style=\"\">\n\n    \n    <!-- Si hay link dentro del bloque imagen -->\n        \n    <!-- Simple -->\n    \n        <img decoding=\"async\" width=\"1200\" height=\"1800\" src=\"https:\/\/www.santacole.com\/wp-content\/uploads\/2025\/10\/10_Parking-Pizza_Slowkind_M64_RET.jpg\" class=\"  w-full h-full object-cover\" alt=\"10_Parking-Pizza_Slowkind_M64_RET\" sizes=\"100vw\" srcset=\"https:\/\/www.santacole.com\/wp-content\/uploads\/2025\/10\/10_Parking-Pizza_Slowkind_M64_RET.jpg 1200w, https:\/\/www.santacole.com\/wp-content\/uploads\/2025\/10\/10_Parking-Pizza_Slowkind_M64_RET-600x900.jpg 600w, https:\/\/www.santacole.com\/wp-content\/uploads\/2025\/10\/10_Parking-Pizza_Slowkind_M64_RET-300x450.jpg 300w, https:\/\/www.santacole.com\/wp-content\/uploads\/2025\/10\/10_Parking-Pizza_Slowkind_M64_RET-768x1152.jpg 768w\" loading=\"lazy\" \/>        \n        <!-- Caption inside -->\n        \n    \n    <!-- Hover overlay -->\n    \n    <!-- Slider gallery -->\n    \n    <!-- Si hay link cierre -->\n    \n<\/div>\n\n<!-- Simple (Caption outside) -->\n    \n    <!-- Caption outside -->\n    \n\n\n<\/div>\n\n\n\n<div class=\"wp-block-column is-layout-flow wp-block-column-is-layout-flow\" style=\"flex-basis:5%\"><\/div>\n\n\n\n<div class=\"wp-block-column is-layout-constrained wp-block-column-is-layout-constrained\" style=\"padding-bottom:var(--wp--preset--spacing--rythm-md)\">\n<div class=\"wp-block-group is-layout-constrained wp-block-group-is-layout-constrained\" style=\"padding-bottom:var(--wp--preset--spacing--lg)\">\r\n<div class=\" \">\r\n    <div class=\"block-head  \">\r\n\r\n        <h3 class=\"font-suisseIntl !font-thin !text-[length:var(--sc-typography-h3-font-size)] leading-[length:var(--sc-typography-h3-line-height)] !m-0 indent-[0px] !text-[var(--color-sc-color-foreground)] pb-4 pr-0\">Soporte para iluminaci\u00f3n de proyectos<\/h3><div class=\"font-suisseIntl !font-thin !text-[length:var(--sc-typography-body-lg-font-size)] leading-[length:var(--sc-typography-body-lg-line-height)] !m-0 indent-[0px] !text-[var(--color-sc-color-foreground)] pb-6 pr-sc-layout-grid-padding-column-rythm-lg\"><h2 class=\"font-suisseIntl !font-thin !text-[length:var(--sc-typography-body-md-font-size)] leading-[120%] !m-0 indent-[0px] !text-[var(--color-sc-color-foreground)] pb-0 pr-0\">Nuestro equipo trabaja con usted para garantizar la atm\u00f3sfera adecuada para su proyecto. Juntos, domesticamos la luz en escenas cotidianas para crear atm\u00f3sferas y sensaciones, tanto de d\u00eda como de noche. <\/h2>\n<\/div>\r\n                    <!-- Anidar opci\u00f3n de a\u00f1adir bloque de button -->\r\n            <!--<div class=\"acf-innerblocks-container\">\n\r\n\r\n    <a\r\n        class=\"flex items-center justify-center gap-1 sc-btn  sc-button-md sc-button-outline\"\r\n        href=\"https:\/\/www.santacole.com\/es\/contacto-comercial\/\" target=\"\"\r\n            >\r\n                    <i class=\"!text-base icon-arrow-up-right \"><\/i>\r\n        \r\n        <span class=\"flex align-items-center px-1 \">\r\n            P\u00f3ngase en contacto con nuestros especialistas        <\/span>\r\n\r\n            <\/a>\r\n\r\n\n<\/div>-->\r\n        \r\n        <!-- Nuevo (Block button dentro del block head -->\r\n        \r\n    <\/div>\r\n<\/div>\r\n\r\n<\/div>\n\n\n\n<div class=\" !mt-[0px]\">\n\n    <div data-accordion class=\"accordion border-b border-sc-color-border\n      \">\n      <div class=\"flex items-center gap-4 py-sc-spacing-padding-sm\" data-toggle-accordion>\n         <i class=\"w-8 h-8 stroke-1 transition-transform duration-200 text-sc-color-primary\" data-lucide=\"plus\"><\/i>\n         <h3 class=\"text-sc-color-foreground !text-[length:var(--sc-typography-lead-font-size)] !leading-[100%] !mb-[0px] !font-normal\">Analizamos su propuesta y estudiamos cuidadosamente el comportamiento de la iluminaci\u00f3n.<\/h3>\n      <\/div>\n      <!-- No aplicar data-accordion-content en admin para poder editar el contenido desde panel de GB -->\n      <div data-accordion-content class=\"\">\n        <div class=\"acf-innerblocks-container\">\n\n<div class=\"wp-block-group is-layout-constrained wp-container-core-group-is-layout-8e4897c9 wp-block-group-is-layout-constrained\" style=\"padding-right:3em;padding-bottom:var(--wp--preset--spacing--md);padding-left:3em\">\r\n<div class=\" \">\r\n    <div class=\"block-head  \">\r\n\r\n        <div class=\"font-suisseIntl !font-thin !text-[length:var(--sc-typography-body-md-font-size)] leading-[length:var(--sc-typography-body-md-line-height)] !m-0 indent-[0px] !text-[var(--color-sc-color-foreground)] pb-0 pr-0\"><p>La simulaci\u00f3n del espacio y la volumetr\u00eda de la luz facilita el apoyo al proceso de toma de decisiones dentro del proyecto. La verificaci\u00f3n de la iluminaci\u00f3n nos permite ajustar los niveles a los est\u00e1ndares requeridos, a la vez que facilita la posterior instalaci\u00f3n. En resumen, trabajamos juntos para optimizar su proyecto.  <\/p>\n<\/div>\r\n                    <!-- Anidar opci\u00f3n de a\u00f1adir bloque de button -->\r\n            <!--<div class=\"acf-innerblocks-container\"><\/div>-->\r\n        \r\n        <!-- Nuevo (Block button dentro del block head -->\r\n        \r\n    <\/div>\r\n<\/div>\r\n\r\n<\/div>\n\n<\/div>\n      <\/div>\n    <\/div>\n\n<\/div>\n\n\n\n\n\n<div class=\" !mt-[0px]\">\n\n    <div data-accordion class=\"accordion border-b border-sc-color-border\n      \">\n      <div class=\"flex items-center gap-4 py-sc-spacing-padding-sm\" data-toggle-accordion>\n         <i class=\"w-8 h-8 stroke-1 transition-transform duration-200 text-sc-color-primary\" data-lucide=\"plus\"><\/i>\n         <h3 class=\"text-sc-color-foreground !text-[length:var(--sc-typography-lead-font-size)] !leading-[100%] !mb-[0px] !font-normal\">Al abogar por una luz agradable, a\u00f1adimos valor a la propuesta mediante la selecci\u00f3n de l\u00e1mparas y mobiliario.<\/h3>\n      <\/div>\n      <!-- No aplicar data-accordion-content en admin para poder editar el contenido desde panel de GB -->\n      <div data-accordion-content class=\"\">\n        <div class=\"acf-innerblocks-container\">\n\n<div class=\"wp-block-group is-layout-constrained wp-container-core-group-is-layout-8e4897c9 wp-block-group-is-layout-constrained\" style=\"padding-right:3em;padding-bottom:var(--wp--preset--spacing--md);padding-left:3em\">\r\n<div class=\" \">\r\n    <div class=\"block-head  \">\r\n\r\n        <div class=\"font-suisseIntl !font-thin !text-[length:var(--sc-typography-body-md-font-size)] leading-[length:var(--sc-typography-body-md-line-height)] !m-0 indent-[0px] !text-[var(--color-sc-color-foreground)] pb-0 pr-0\"><p>Tratamos cada propuesta con mucho mimo para que se sienta acompa\u00f1ado en el proceso. Cada proyecto es \u00fanico y lo sentimos propio.<\/p>\n<\/div>\r\n                    <!-- Anidar opci\u00f3n de a\u00f1adir bloque de button -->\r\n            <!--<div class=\"acf-innerblocks-container\"><\/div>-->\r\n        \r\n        <!-- Nuevo (Block button dentro del block head -->\r\n        \r\n    <\/div>\r\n<\/div>\r\n\r\n<\/div>\n\n<\/div>\n      <\/div>\n    <\/div>\n\n<\/div>\n\n\n\n\n\n<div class=\" !mt-[0px]\">\n\n    <div data-accordion class=\"accordion border-b border-sc-color-border\n      \">\n      <div class=\"flex items-center gap-4 py-sc-spacing-padding-sm\" data-toggle-accordion>\n         <i class=\"w-8 h-8 stroke-1 transition-transform duration-200 text-sc-color-primary\" data-lucide=\"plus\"><\/i>\n         <h3 class=\"text-sc-color-foreground !text-[length:var(--sc-typography-lead-font-size)] !leading-[100%] !mb-[0px] !font-normal\">Desarrollaremos y proporcionaremos la documentaci\u00f3n que necesite.<\/h3>\n      <\/div>\n      <!-- No aplicar data-accordion-content en admin para poder editar el contenido desde panel de GB -->\n      <div data-accordion-content class=\"\">\n        <div class=\"acf-innerblocks-container\">\n\n<div class=\"wp-block-group is-layout-constrained wp-container-core-group-is-layout-8e4897c9 wp-block-group-is-layout-constrained\" style=\"padding-right:3em;padding-bottom:var(--wp--preset--spacing--md);padding-left:3em\">\r\n<div class=\" \">\r\n    <div class=\"block-head  \">\r\n\r\n        <div class=\"font-suisseIntl !font-thin !text-[length:var(--sc-typography-body-md-font-size)] leading-[length:var(--sc-typography-body-md-line-height)] !m-0 indent-[0px] !text-[var(--color-sc-color-foreground)] pb-0 pr-0\"><p class=\"p1\">Desarrollamos planos t\u00e9cnicos y proporcionamos soporte de orientaci\u00f3n en cada etapa: dise\u00f1o, verificaci\u00f3n, ejecuci\u00f3n y control. Simplemente d\u00edganos lo que necesita. <\/p>\n<\/div>\r\n                    <!-- Anidar opci\u00f3n de a\u00f1adir bloque de button -->\r\n            <!--<div class=\"acf-innerblocks-container\"><\/div>-->\r\n        \r\n        <!-- Nuevo (Block button dentro del block head -->\r\n        \r\n    <\/div>\r\n<\/div>\r\n\r\n<\/div>\n\n<\/div>\n      <\/div>\n    <\/div>\n\n<\/div>\n\n\n<\/div>\n<\/div>\n<\/section>\n\n<section id=\"art-support\" class=\"wp-block-group is-layout-constrained wp-container-core-group-is-layout-589adf4f wp-block-group-is-layout-constrained\" style=\"padding-right:var(--wp--preset--spacing--md);padding-bottom:var(--wp--preset--spacing--rythm-md);padding-left:var(--wp--preset--spacing--md)\" data-theme=\"lightGaleria\">\n<div class=\"wp-block-columns is-layout-flex wp-container-core-columns-is-layout-28f84493 wp-block-columns-is-layout-flex\">\n<div class=\"wp-block-column is-layout-flow wp-block-column-is-layout-flow\">\n<div class=\"block-image group w-full relative !bg-sc-color-border  overflow-hidden aspect-3\/4 flex justify-center items-center\" style=\"\">\n\n    \n    <!-- Si hay link dentro del bloque imagen -->\n        \n    <!-- Simple -->\n    \n        <img decoding=\"async\" width=\"1280\" height=\"1920\" src=\"https:\/\/www.santacole.com\/wp-content\/uploads\/2025\/10\/RET-2023_10_ClaudiaValsells_8-1280x1920.jpg\" class=\"  w-full h-full object-cover\" alt=\"RET-2023_10_ClaudiaValsells_8\" sizes=\"100vw\" srcset=\"https:\/\/www.santacole.com\/wp-content\/uploads\/2025\/10\/RET-2023_10_ClaudiaValsells_8-1280x1920.jpg 1280w, https:\/\/www.santacole.com\/wp-content\/uploads\/2025\/10\/RET-2023_10_ClaudiaValsells_8-scaled-1200x1800.jpg 1200w, https:\/\/www.santacole.com\/wp-content\/uploads\/2025\/10\/RET-2023_10_ClaudiaValsells_8-600x900.jpg 600w, https:\/\/www.santacole.com\/wp-content\/uploads\/2025\/10\/RET-2023_10_ClaudiaValsells_8-300x450.jpg 300w, https:\/\/www.santacole.com\/wp-content\/uploads\/2025\/10\/RET-2023_10_ClaudiaValsells_8-768x1152.jpg 768w, https:\/\/www.santacole.com\/wp-content\/uploads\/2025\/10\/RET-2023_10_ClaudiaValsells_8-scaled.jpg 1707w\" loading=\"lazy\" \/>        \n        <!-- Caption inside -->\n        \n    \n    <!-- Hover overlay -->\n    \n    <!-- Slider gallery -->\n    \n    <!-- Si hay link cierre -->\n    \n<\/div>\n\n<!-- Simple (Caption outside) -->\n    \n    <!-- Caption outside -->\n    \n\n\n<\/div>\n\n\n\n<div class=\"wp-block-column is-layout-flow wp-block-column-is-layout-flow\" style=\"flex-basis:5%\"><\/div>\n\n\n\n<div class=\"wp-block-column is-layout-constrained wp-block-column-is-layout-constrained\" style=\"padding-bottom:var(--wp--preset--spacing--rythm-md)\">\n<div class=\"wp-block-group is-layout-constrained wp-block-group-is-layout-constrained\" style=\"padding-bottom:var(--wp--preset--spacing--lg)\">\r\n<div class=\" \">\r\n    <div class=\"block-head  \">\r\n\r\n        <h3 class=\"font-suisseIntl !font-thin !text-[length:var(--sc-typography-h3-font-size)] leading-[length:var(--sc-typography-h3-line-height)] !m-0 indent-[0px] !text-[var(--color-sc-color-foreground)] pb-4 pr-0\">Soporte de arte para proyectos<\/h3><div class=\"font-suisseIntl !font-thin !text-[length:var(--sc-typography-body-lg-font-size)] leading-[length:var(--sc-typography-body-lg-line-height)] !m-0 indent-[0px] !text-[var(--color-sc-color-foreground)] pb-6 pr-sc-layout-grid-padding-column-rythm-lg\"><p class=\"p1\">Ofrecemos orientaci\u00f3n en la definici\u00f3n y selecci\u00f3n de obras de arte, as\u00ed como en el env\u00edo, enmarcado, manipulaci\u00f3n e instalaci\u00f3n de las piezas.<\/p>\n<\/div>\r\n                    <!-- Anidar opci\u00f3n de a\u00f1adir bloque de button -->\r\n            <!--<div class=\"acf-innerblocks-container\">\n\r\n\r\n    <a\r\n        class=\"flex items-center justify-center gap-1 sc-btn  sc-button-md sc-button-outline\"\r\n        href=\"https:\/\/www.santacole.com\/es\/contacto-comercial\/\" target=\"\"\r\n            >\r\n                    <i class=\"!text-base icon-arrow-up-right \"><\/i>\r\n        \r\n        <span class=\"flex align-items-center px-1 \">\r\n            P\u00f3ngase en contacto con nuestros especialistas        <\/span>\r\n\r\n            <\/a>\r\n\r\n\n<\/div>-->\r\n        \r\n        <!-- Nuevo (Block button dentro del block head -->\r\n        \r\n    <\/div>\r\n<\/div>\r\n\r\n<\/div>\n\n\n\n<div class=\" !mt-[0px]\">\n\n    <div data-accordion class=\"accordion border-b border-sc-color-border\n      \">\n      <div class=\"flex items-center gap-4 py-sc-spacing-padding-sm\" data-toggle-accordion>\n         <i class=\"w-8 h-8 stroke-1 transition-transform duration-200 text-sc-color-primary\" data-lucide=\"plus\"><\/i>\n         <h3 class=\"text-sc-color-foreground !text-[length:var(--sc-typography-lead-font-size)] !leading-[100%] !mb-[0px] !font-normal\">Estudiamos cuidadosamente las posibilidades<\/h3>\n      <\/div>\n      <!-- No aplicar data-accordion-content en admin para poder editar el contenido desde panel de GB -->\n      <div data-accordion-content class=\"\">\n        <div class=\"acf-innerblocks-container\">\n\n<div class=\"wp-block-group is-layout-constrained wp-container-core-group-is-layout-8e4897c9 wp-block-group-is-layout-constrained\" style=\"padding-right:3em;padding-bottom:var(--wp--preset--spacing--md);padding-left:3em\">\r\n<div class=\" \">\r\n    <div class=\"block-head  \">\r\n\r\n        <div class=\"font-suisseIntl !font-thin !text-[length:var(--sc-typography-body-md-font-size)] leading-[length:var(--sc-typography-body-md-line-height)] !m-0 indent-[0px] !text-[var(--color-sc-color-foreground)] pb-0 pr-0\"><p class=\"p1\">Seleccionamos y proponemos cuidadosamente a los artistas y las obras que mejor se adaptan al espacio, adapt\u00e1ndonos al presupuesto. Presentamos renders o alzados que simulan c\u00f3mo se relacionan las obras con el entorno, facilitando su decisi\u00f3n final. Trabajamos juntos para ofrecer la mejor soluci\u00f3n para su proyecto.  <\/p>\n<\/div>\r\n                    <!-- Anidar opci\u00f3n de a\u00f1adir bloque de button -->\r\n            <!--<div class=\"acf-innerblocks-container\"><\/div>-->\r\n        \r\n        <!-- Nuevo (Block button dentro del block head -->\r\n        \r\n    <\/div>\r\n<\/div>\r\n\r\n<\/div>\n\n<\/div>\n      <\/div>\n    <\/div>\n\n<\/div>\n\n\n\n\n\n<div class=\" !mt-[0px]\">\n\n    <div data-accordion class=\"accordion border-b border-sc-color-border\n      \">\n      <div class=\"flex items-center gap-4 py-sc-spacing-padding-sm\" data-toggle-accordion>\n         <i class=\"w-8 h-8 stroke-1 transition-transform duration-200 text-sc-color-primary\" data-lucide=\"plus\"><\/i>\n         <h3 class=\"text-sc-color-foreground !text-[length:var(--sc-typography-lead-font-size)] !leading-[100%] !mb-[0px] !font-normal\">\u00d3ptima para proyectos contract, la Neoseries es la soluci\u00f3n adecuada en comparaci\u00f3n con otras opciones del mercado<\/h3>\n      <\/div>\n      <!-- No aplicar data-accordion-content en admin para poder editar el contenido desde panel de GB -->\n      <div data-accordion-content class=\"\">\n        <div class=\"acf-innerblocks-container\">\n\n<div class=\"wp-block-group is-layout-constrained wp-container-core-group-is-layout-8e4897c9 wp-block-group-is-layout-constrained\" style=\"padding-right:3em;padding-bottom:var(--wp--preset--spacing--md);padding-left:3em\">\r\n<div class=\" \">\r\n    <div class=\"block-head  \">\r\n\r\n        <div class=\"font-suisseIntl !font-thin !text-[length:var(--sc-typography-body-sm-font-size)] leading-[length:var(--sc-typography-body-sm-line-height)] !m-0 indent-[0px] !text-[var(--color-sc-color-foreground)] pb-0 pr-0\"><p class=\"p1\">En Santa &amp; Cole, hemos desarrollado un m\u00e9todo de reproducci\u00f3n preciso que replica fielmente el color, la textura y el formato de la obra original, colaborando estrechamente con cada artista para lograr el mejor resultado. Al crear composiciones con las obras que ofrecemos, podemos dise\u00f1ar murales extraordinarios que realzan cualquier espacio. Las Neoseries transmiten la misma emoci\u00f3n que una pieza original, sin las limitaciones de una obra \u00fanica y a un precio mucho m\u00e1s competitivo.  <\/p>\n<\/div>\r\n                    <!-- Anidar opci\u00f3n de a\u00f1adir bloque de button -->\r\n            <!--<div class=\"acf-innerblocks-container\"><\/div>-->\r\n        \r\n        <!-- Nuevo (Block button dentro del block head -->\r\n        \r\n    <\/div>\r\n<\/div>\r\n\r\n<\/div>\n\n<\/div>\n      <\/div>\n    <\/div>\n\n<\/div>\n\n\n\n\n\n<div class=\" !mt-[0px]\">\n\n    <div data-accordion class=\"accordion border-b border-sc-color-border\n      \">\n      <div class=\"flex items-center gap-4 py-sc-spacing-padding-sm\" data-toggle-accordion>\n         <i class=\"w-8 h-8 stroke-1 transition-transform duration-200 text-sc-color-primary\" data-lucide=\"plus\"><\/i>\n         <h3 class=\"text-sc-color-foreground !text-[length:var(--sc-typography-lead-font-size)] !leading-[100%] !mb-[0px] !font-normal\">Ponemos especial \u00e9nfasis en las etapas finales: enmarcado, colocaci\u00f3n e iluminaci\u00f3n de las piezas<\/h3>\n      <\/div>\n      <!-- No aplicar data-accordion-content en admin para poder editar el contenido desde panel de GB -->\n      <div data-accordion-content class=\"\">\n        <div class=\"acf-innerblocks-container\">\n\n<div class=\"wp-block-group is-layout-constrained wp-container-core-group-is-layout-8e4897c9 wp-block-group-is-layout-constrained\" style=\"padding-right:3em;padding-bottom:var(--wp--preset--spacing--md);padding-left:3em\">\r\n<div class=\" \">\r\n    <div class=\"block-head  \">\r\n\r\n        <div class=\"font-suisseIntl !font-thin !text-[length:var(--sc-typography-body-sm-font-size)] leading-[length:var(--sc-typography-body-sm-line-height)] !m-0 indent-[0px] !text-[var(--color-sc-color-foreground)] pb-0 pr-0\"><p class=\"p1\">Prestamos atenci\u00f3n al detalle en cada proyecto. Estas son las decisiones que marcan la diferencia y reflejan la verdadera calidad. Participamos en la evaluaci\u00f3n de los aspectos m\u00e1s est\u00e9ticos para elevar el espacio al m\u00e1ximo, as\u00ed como de los m\u00e1s pr\u00e1cticos para facilitarle el proceso. Cada proyecto es \u00fanico y lo hacemos nuestro.   <\/p>\n<\/div>\r\n                    <!-- Anidar opci\u00f3n de a\u00f1adir bloque de button -->\r\n            <!--<div class=\"acf-innerblocks-container\"><\/div>-->\r\n        \r\n        <!-- Nuevo (Block button dentro del block head -->\r\n        \r\n    <\/div>\r\n<\/div>\r\n\r\n<\/div>\n\n<\/div>\n      <\/div>\n    <\/div>\n\n<\/div>\n\n\n<\/div>\n<\/div>\n<\/section>\n","protected":false},"excerpt":{"rendered":"","protected":false},"author":1,"featured_media":0,"parent":56348,"menu_order":0,"comment_status":"closed","ping_status":"closed","template":"","meta":{"_acf_changed":false,"footnotes":""},"class_list":["post-3900","page","type-page","status-publish","hentry","entry"],"acf":[],"_links":{"self":[{"href":"https:\/\/www.santacole.com\/es\/wp-json\/wp\/v2\/pages\/3900","targetHints":{"allow":["GET"]}}],"collection":[{"href":"https:\/\/www.santacole.com\/es\/wp-json\/wp\/v2\/pages"}],"about":[{"href":"https:\/\/www.santacole.com\/es\/wp-json\/wp\/v2\/types\/page"}],"author":[{"embeddable":true,"href":"https:\/\/www.santacole.com\/es\/wp-json\/wp\/v2\/users\/1"}],"replies":[{"embeddable":true,"href":"https:\/\/www.santacole.com\/es\/wp-json\/wp\/v2\/comments?post=3900"}],"version-history":[{"count":3,"href":"https:\/\/www.santacole.com\/es\/wp-json\/wp\/v2\/pages\/3900\/revisions"}],"predecessor-version":[{"id":56238,"href":"https:\/\/www.santacole.com\/es\/wp-json\/wp\/v2\/pages\/3900\/revisions\/56238"}],"up":[{"embeddable":true,"href":"https:\/\/www.santacole.com\/es\/wp-json\/wp\/v2\/pages\/56348"}],"wp:attachment":[{"href":"https:\/\/www.santacole.com\/es\/wp-json\/wp\/v2\/media?parent=3900"}],"curies":[{"name":"wp","href":"https:\/\/api.w.org\/{rel}","templated":true}]}}