{"id":3898,"date":"2025-03-10T12:54:27","date_gmt":"2025-03-10T11:54:27","guid":{"rendered":"https:\/\/www.santacole.com\/localizador-de-tiendas\/"},"modified":"2025-11-05T21:15:02","modified_gmt":"2025-11-05T20:15:02","slug":"tiendas","status":"publish","type":"page","link":"https:\/\/www.santacole.com\/es\/donde-comprar\/tiendas\/","title":{"rendered":"Tiendas"},"content":{"rendered":"\n<div class=\"block-header pt-sc-layout-grid-padding-column-rythm-xl pb-sc-spacing-padding-sm align wp-block-santacole-block-section-header\">\n\n        \n<\/div>\n  <div class=\"tab-group\n     \n    sticky top-0 z-[10]    tabs-line bg-sc-color-primary-foreground    \">\n    <div class=\"overflow-auto                 \">\n\n      <ul class=\"flex relative flex-[1_0_0] gap-0 !m-none !list-none no-scrollbar\n        pl-sc-layout-grid-padding-column-rythm-sm\"\n        id=\"wtb-list-tabs\">\n\n        <div class=\"absolute w-full\n          bottom-0 left-0 border-b border-sc-color-border          \">\n        <\/div>\n\n                  <li data-sc-toggle=\"tab\"\n              data-sc-parent=\"#wtb-list-tabs\"\n              data-label=\"Descripci\u00f3n general\">\n            <a\n              href=\"https:\/\/www.santacole.com\/es\/donde-comprar\/\"\n              class=\"block\n                                 sc-tab                                \"\n                          >\n              Descripci\u00f3n general            <\/a>\n          <\/li>\n                  <li data-sc-toggle=\"tab\"\n              data-sc-parent=\"#wtb-list-tabs\"\n              data-label=\"Tiendas\">\n            <a\n              href=\"https:\/\/www.santacole.com\/es\/donde-comprar\/tiendas\/\"\n              class=\"block\n                active                 sc-tab                                \"\n                          >\n              Tiendas            <\/a>\n          <\/li>\n                  <li data-sc-toggle=\"tab\"\n              data-sc-parent=\"#wtb-list-tabs\"\n              data-label=\"Encuentre a su representante\">\n            <a\n              href=\"https:\/\/www.santacole.com\/es\/donde-comprar\/encuentre-a-su-representante\/\"\n              class=\"block\n                                 sc-tab                                \"\n                          >\n              Encuentre a su representante            <\/a>\n          <\/li>\n                  <li data-sc-toggle=\"tab\"\n              data-sc-parent=\"#wtb-list-tabs\"\n              data-label=\"Tiendas online\">\n            <a\n              href=\"https:\/\/www.santacole.com\/es\/donde-comprar\/tiendas-online\/\"\n              class=\"block\n                                 sc-tab                                \"\n                          >\n              Tiendas online            <\/a>\n          <\/li>\n                  <li data-sc-toggle=\"tab\"\n              data-sc-parent=\"#wtb-list-tabs\"\n              data-label=\"Formulario de contacto\">\n            <a\n              href=\"https:\/\/www.santacole.com\/es\/donde-comprar\/formulario-de-contacto\/\"\n              class=\"block\n                                 sc-tab                                \"\n                          >\n              Formulario de contacto            <\/a>\n          <\/li>\n              <\/ul>\n    <\/div>\n  <\/div>\n  \n\n<div class=\"wp-block-group is-layout-constrained wp-block-group-is-layout-constrained\" style=\"padding-top:var(--wp--preset--spacing--lg);padding-bottom:var(--wp--preset--spacing--lg)\"><div class=\"grid grid-cols-1 md:grid-cols-3\">\n    <div class=\"col-span-2 relative lg:min-h-screen\">\n        <div class=\"z-[2] md:float-start flex flex-col justify-start items-center gap-5 md:flex-row md:sticky md:top-[42px] p-sc-spacing-padding-md\">\n            <div class=\"gap-1 px-3 py-2.5 rounded-sm py-sc-spacing-button-padding-vertical px-sc-spacing-button-padding-horizontal bg-sc-color-primary-foreground w-full lg:w-auto border border-sc-color-focus lg:border-transparent\">\n                <select class=\"select2\" data-options='{\"minimumResultsForSearch\": -1, \"dropdownCssClass\": \"min-w-40\", \"width\": \"100%\"}' name=\"mapbox-continent\" id=\"mapbox-continent\">\n                                                                                            <option value=\"europe\" >Europa<\/option>\n                                                                                            <option value=\"north america\" selected>Am\u00e9rica del Norte<\/option>\n                                                                                            <option value=\"south america\" >Am\u00e9rica del Sur<\/option>\n                                                                                            <option value=\"asia\" >Asia<\/option>\n                                                                                            <option value=\"oceania\" >Ocean\u00eda<\/option>\n                                    <\/select>\n            <\/div>\n\n            <div class=\"flex flex-row justify-center items-center gap-2 px-3 py-2.5 rounded-sm relative bg-sc-color-primary-foreground w-full lg:w-auto border border-sc-color-focus lg:border-transparent\">\n                <i class=\"w-4 h-4 stroke-[1.2]\" data-lucide=\"search\"><\/i>\n                <input type=\"text\" name=\"mapbox-search\" placeholder=\"Ciudad y estado o c\u00f3digo postal\" id=\"mapbox-search\">\n                <i class=\"w-4 h-4 stroke-[1.2]\" data-lucide=\"navigation\"><\/i>\n                <div class=\"hidden absolute top-[60px] left-0 w-full bg-white px-3 py-2.5 rounded-sm shadow-md\">\n                    <ul class=\"flex flex-col gap-3\" id=\"mapbox-suggestions\"><\/ul>\n                <\/div>\n            <\/div>\n        <\/div>\n        <div class=\"h-full hidden md:block\">\n            <div class=\"z-[1] md:flex md:!absolute top-0 w-full h-full\" id=\"wtb-map-box\"><\/div>\n        <\/div>\n        <div class=\"hidden z-[2] translate-y-[-163px] flex flex-col gap-2 p-4 -bottom-31 w-fit m-sc-spacing-padding-md bg-sc-color-primary-foreground sticky\" id=\"wtb-popup\"><\/div>\n    <\/div>\n\n    <div class=\"flex flex-col h-screen overflow-y-scroll bg-sc-color-primary-foreground\" data-theme=\"darkPro\">\n        <div class=\"ps-4 py-4 my-2 text-body-md font-normal !text-sc-color-muted-foreground\">\n            <span>Mostrando<\/span>\n            <span id=\"mapbox-results-count\">&#8230;<\/span>\n            <span>resultados<\/span>\n        <\/div>\n        <div class=\"flex flex-col gap-4\" id=\"wtb-mapbox-results\">\n            <div class=\"px-sc-spacing-padding-md py-2 hidden wtb-store border-l-4 border-sc-color-primary-foreground hover:border-sc-color-primary\" id=\"wtb-template-stores\">\n                <div class=\"gap-3 pb-5 grid grid-cols-2 border-b border-sc-color-border\">\n                    <div class=\"text-body-md text-sc-color-primary\">\n                        <p class=\"store-name\"><\/p>\n                                            <\/div>\n                    <div class=\"flex flex-col gap-6 text-sc-color-primary\">\n                        <div class=\"text-body-md flex flex-col gap-3\">\n                            <p class=\"store-address\"><\/p>\n                            <p class=\"store-city\"><\/p>\n                                                        <p class=\"store-tel\"><\/p>\n                        <\/div>\n                                            <\/div>\n                <\/div>\n            <\/div>\n        <\/div>\n    <\/div>\n<\/div>\n<\/div>\n\n<div class=\"wp-block-group is-layout-constrained wp-block-group-is-layout-constrained\" style=\"margin-top:var(--wp--preset--spacing--lg);margin-bottom:0\">\n<div id=\"our-spaces\" class=\"wp-block-group is-layout-constrained wp-block-group-is-layout-constrained\">\n<section class=\"wp-block-group is-layout-constrained wp-container-core-group-is-layout-3e030e78 wp-block-group-is-layout-constrained\" style=\"padding-top:0;padding-right:var(--wp--preset--spacing--md);padding-bottom:var(--wp--preset--spacing--sm);padding-left:var(--wp--preset--spacing--md)\">\n<div class=\"wp-block-columns is-layout-flex wp-container-core-columns-is-layout-28f84493 wp-block-columns-is-layout-flex\">\n<div class=\"wp-block-column is-layout-flow wp-block-column-is-layout-flow\" style=\"flex-basis:66.66%\">\r\n<div class=\" \">\r\n    <div class=\"block-head  \">\r\n\r\n        <h3 class=\"font-suisseIntl !font-thin !text-[length:var(--sc-typography-h3-font-size)] leading-[length:var(--sc-typography-h3-line-height)] !m-0 indent-[0px] !text-[var(--color-sc-color-foreground)] pb-4 pr-0\">Galer\u00eda Santa &amp; Cole<\/h3><div class=\"font-suisseIntl !font-normal !text-[length:var(--sc-typography-body-lg-font-size)] leading-[length:var(--sc-typography-body-lg-line-height)] !m-0 indent-[0px] !text-[var(--color-sc-color-foreground)] pb-0 pr-0\"><p>Galer\u00eda Santa &amp; Cole es el lugar donde transmitimos nuestra cultura material. Cada espacio es una invitaci\u00f3n a vivir en primera persona nuestras ediciones de dise\u00f1o, iluminaci\u00f3n y mobiliario, junto con arte y libros. Un lugar din\u00e1mico donde pasear, contemplar y compartir. Y disfrutar.   <\/p>\n<\/div>\r\n                    <!-- Anidar opci\u00f3n de a\u00f1adir bloque de button -->\r\n            <!--<div class=\"acf-innerblocks-container\"><\/div>-->\r\n        \r\n        <!-- Nuevo (Block button dentro del block head -->\r\n        \r\n    <\/div>\r\n<\/div>\r\n\r\n<\/div>\n\n\n\n<div class=\"wp-block-column is-layout-flow wp-block-column-is-layout-flow\" style=\"flex-basis:33.33%\"><\/div>\n<\/div>\n<\/section>\n\n\n\n<section class=\"wp-block-group is-layout-constrained wp-container-core-group-is-layout-77797d84 wp-block-group-is-layout-constrained\" style=\"padding-right:0;padding-bottom:var(--wp--preset--spacing--rythm-xl);padding-left:0\" data-theme=\"darkPro\">\n<div class=\"wp-block-columns is-layout-flex wp-container-core-columns-is-layout-b3ad43af wp-block-columns-is-layout-flex\">\n<div class=\"wp-block-column is-layout-flow wp-block-column-is-layout-flow\" style=\"flex-basis:50%\">\r\n<div class=\"block-card   flex flex-col-reverse relative \" data-post_type=\"\">\r\n\r\n    <!-- Bloque imagen -->\r\n    \n<div class=\"block-image group w-full relative !bg-sc-color-border  overflow-hidden aspect-1\/1 flex justify-center items-center\" style=\"\">\n\n    \n    <!-- Si hay link dentro del bloque imagen -->\n    \n        <a class=\"w-full h-full\" href=\"https:\/\/www.santacole.com\/es\/galeria-santa-cole\/galeria-santa-cole-belloch\/\" target=\"_self\">\n\n        \n    <!-- Simple -->\n    \n        <img decoding=\"async\" width=\"2400\" height=\"1800\" src=\"https:\/\/www.santacole.com\/wp-content\/uploads\/2025\/09\/Belloch-SalvaLopez-2024-329-x2400.jpg\" class=\"transition-transform duration-600 ease-in-out hover:scale-106  w-full h-full object-cover\" alt=\"Belloch-SalvaLopez-2024-329-x2400\" sizes=\"100vw\" srcset=\"https:\/\/www.santacole.com\/wp-content\/uploads\/2025\/09\/Belloch-SalvaLopez-2024-329-x2400.jpg 2400w, https:\/\/www.santacole.com\/wp-content\/uploads\/2025\/09\/Belloch-SalvaLopez-2024-329-x2400-1200x900.jpg 1200w, https:\/\/www.santacole.com\/wp-content\/uploads\/2025\/09\/Belloch-SalvaLopez-2024-329-x2400-600x450.jpg 600w, https:\/\/www.santacole.com\/wp-content\/uploads\/2025\/09\/Belloch-SalvaLopez-2024-329-x2400-1280x960.jpg 1280w, https:\/\/www.santacole.com\/wp-content\/uploads\/2025\/09\/Belloch-SalvaLopez-2024-329-x2400-300x225.jpg 300w, https:\/\/www.santacole.com\/wp-content\/uploads\/2025\/09\/Belloch-SalvaLopez-2024-329-x2400-768x576.jpg 768w\" loading=\"lazy\" \/>        \n        <!-- Caption inside -->\n        \n    \n    <!-- Hover overlay -->\n    \n    <!-- Slider gallery -->\n    \n    <!-- Si hay link cierre -->\n            <\/a>\n    \n<\/div>\n\n<!-- Simple (Caption outside) -->\n    \n    <!-- Caption outside -->\n    \n\n\n\r\n    <!-- Footer card -->\r\n    \r\n        <div class=\"block-card_foot flex absolute top-0 left-0 w-full h-full items-end pointer-events-none !my-[0px] mt-0 mb-0\">\r\n\r\n            <div class=\"w-full px-3 py-4 sticky h-fit bottom-0 px-3 py-4 pointer-events-auto\">\r\n\r\n                \r\n                <div class=\"grid grid-cols-1\">\r\n\r\n                    <div class=\"block-head\">\r\n                        \r\n<div class=\" \">\r\n    <div class=\"block-head  \">\r\n\r\n        <a class='block w-fit hover:!underline !underline-offset-[25%] ' href='https:\/\/www.santacole.com\/es\/galeria-santa-cole\/galeria-santa-cole-belloch\/'><p class=\"font-suisseIntl !font-book !text-[length:var(--sc-typography-body-md-font-size)] leading-[length:var(--sc-typography-body-md-line-height)] !m-0 indent-[0px] !text-[var(--color-sc-color-foreground)] pb-0 pr-0\">Galer\u00eda Santa &amp; Cole Belloch<\/p><\/a>\r\n                    <!-- Anidar opci\u00f3n de a\u00f1adir bloque de button -->\r\n            <!--<div class=\"acf-innerblocks-container\"><\/div>-->\r\n        \r\n        <!-- Nuevo (Block button dentro del block head -->\r\n        \r\n    <\/div>\r\n<\/div>\r\n\r\n                    <\/div>\r\n\r\n                    <div>\r\n                                            <\/div>\r\n\r\n                <\/div>\r\n\r\n            <\/div>\r\n\r\n        <\/div>\r\n\r\n    \r\n<\/div>\r\n<\/div>\n\n\n\n<div class=\"wp-block-column is-layout-flow wp-block-column-is-layout-flow\">\r\n<div class=\"block-card   flex flex-col-reverse relative sticky top-0\" data-post_type=\"\">\r\n\r\n    <!-- Bloque imagen -->\r\n    \n<div class=\"block-image group w-full relative !bg-sc-color-border  overflow-hidden aspect-3\/4 flex justify-center items-center\" style=\"\">\n\n    \n    <!-- Si hay link dentro del bloque imagen -->\n    \n        <a class=\"w-full h-full\" href=\"https:\/\/www.santacole.com\/es\/galeria-santa-cole\/galeria-santa-cole-nueva-york\/\" target=\"_self\">\n\n        \n    <!-- Simple -->\n    \n        <img decoding=\"async\" width=\"1280\" height=\"1963\" src=\"https:\/\/www.santacole.com\/wp-content\/uploads\/2025\/09\/Galeria-SantaCole-NY-Pia-Riverola-2024-Fachada-1-x2400-1280x1963.jpg\" class=\"transition-transform duration-600 ease-in-out hover:scale-106  w-full h-full object-cover\" alt=\"Galeria-SantaCole-NY-Pia-Riverola-2024-Fachada-1-x2400\" sizes=\"100vw\" srcset=\"https:\/\/www.santacole.com\/wp-content\/uploads\/2025\/09\/Galeria-SantaCole-NY-Pia-Riverola-2024-Fachada-1-x2400-1280x1963.jpg 1280w, https:\/\/www.santacole.com\/wp-content\/uploads\/2025\/09\/Galeria-SantaCole-NY-Pia-Riverola-2024-Fachada-1-x2400-1200x1840.jpg 1200w, https:\/\/www.santacole.com\/wp-content\/uploads\/2025\/09\/Galeria-SantaCole-NY-Pia-Riverola-2024-Fachada-1-x2400-600x920.jpg 600w, https:\/\/www.santacole.com\/wp-content\/uploads\/2025\/09\/Galeria-SantaCole-NY-Pia-Riverola-2024-Fachada-1-x2400-300x460.jpg 300w, https:\/\/www.santacole.com\/wp-content\/uploads\/2025\/09\/Galeria-SantaCole-NY-Pia-Riverola-2024-Fachada-1-x2400-768x1178.jpg 768w, https:\/\/www.santacole.com\/wp-content\/uploads\/2025\/09\/Galeria-SantaCole-NY-Pia-Riverola-2024-Fachada-1-x2400.jpg 1565w\" loading=\"lazy\" \/>        \n        <!-- Caption inside -->\n        \n    \n    <!-- Hover overlay -->\n    \n    <!-- Slider gallery -->\n    \n    <!-- Si hay link cierre -->\n            <\/a>\n    \n<\/div>\n\n<!-- Simple (Caption outside) -->\n    \n    <!-- Caption outside -->\n    \n\n\n\r\n    <!-- Footer card -->\r\n    \r\n        <div class=\"block-card_foot flex absolute top-0 left-0 w-full h-full items-end pointer-events-none !my-[0px] mt-0 mb-0\">\r\n\r\n            <div class=\"w-full px-3 py-4 sticky h-fit bottom-0 px-3 py-4 pointer-events-auto\">\r\n\r\n                \r\n                <div class=\"grid grid-cols-1\">\r\n\r\n                    <div class=\"block-head\">\r\n                        \r\n<div class=\" \">\r\n    <div class=\"block-head  \">\r\n\r\n        <a class='block w-fit hover:!underline !underline-offset-[25%] ' href='https:\/\/www.santacole.com\/es\/galeria-santa-cole\/galeria-santa-cole-nueva-york\/'><p class=\"font-suisseIntl !font-book !text-[length:var(--sc-typography-body-md-font-size)] leading-[length:var(--sc-typography-body-md-line-height)] !m-0 indent-[0px] !text-[var(--color-sc-color-foreground)] pb-0 pr-0\">Galer\u00eda Santa &amp; Cole New York<\/p><\/a>\r\n                    <!-- Anidar opci\u00f3n de a\u00f1adir bloque de button -->\r\n            <!--<div class=\"acf-innerblocks-container\"><\/div>-->\r\n        \r\n        <!-- Nuevo (Block button dentro del block head -->\r\n        \r\n    <\/div>\r\n<\/div>\r\n\r\n                    <\/div>\r\n\r\n                    <div>\r\n                                            <\/div>\r\n\r\n                <\/div>\r\n\r\n            <\/div>\r\n\r\n        <\/div>\r\n\r\n    \r\n<\/div>\r\n<\/div>\n\n\n\n<div class=\"wp-block-column is-layout-flow wp-block-column-is-layout-flow\">\r\n<div class=\"block-card   flex flex-col-reverse relative sticky top-0\" data-post_type=\"\">\r\n\r\n    <!-- Bloque imagen -->\r\n    \n<div class=\"block-image group w-full relative !bg-sc-color-border  overflow-hidden aspect-3\/4 flex justify-center items-center\" style=\"\">\n\n    \n    <!-- Si hay link dentro del bloque imagen -->\n    \n        <a class=\"w-full h-full\" href=\"https:\/\/www.santacole.com\/es\/galeria-santa-cole\/galeria-santa-cole-ciudad-de-mexico\/\" target=\"_self\">\n\n        \n    <!-- Simple -->\n    \n        <img decoding=\"async\" width=\"682\" height=\"1024\" src=\"https:\/\/www.santacole.com\/wp-content\/uploads\/2025\/07\/DisetMedia-1-red-1-682x1024.jpg\" class=\"transition-transform duration-600 ease-in-out hover:scale-106  w-full h-full object-cover\" alt=\"DisetMedia-1-red\" sizes=\"100vw\" srcset=\"https:\/\/www.santacole.com\/wp-content\/uploads\/2025\/07\/DisetMedia-1-red-1-682x1024.jpg 682w, https:\/\/www.santacole.com\/wp-content\/uploads\/2025\/07\/DisetMedia-1-red-1-1200x1800.jpg 1200w, https:\/\/www.santacole.com\/wp-content\/uploads\/2025\/07\/DisetMedia-1-red-1-200x300.jpg 200w, https:\/\/www.santacole.com\/wp-content\/uploads\/2025\/07\/DisetMedia-1-red-1-768x1152.jpg 768w, https:\/\/www.santacole.com\/wp-content\/uploads\/2025\/07\/DisetMedia-1-red-1-1024x1536.jpg 1024w, https:\/\/www.santacole.com\/wp-content\/uploads\/2025\/07\/DisetMedia-1-red-1.jpg 1333w\" loading=\"lazy\" \/>        \n        <!-- Caption inside -->\n        \n    \n    <!-- Hover overlay -->\n    \n    <!-- Slider gallery -->\n    \n    <!-- Si hay link cierre -->\n            <\/a>\n    \n<\/div>\n\n<!-- Simple (Caption outside) -->\n    \n    <!-- Caption outside -->\n    \n\n\n\r\n    <!-- Footer card -->\r\n    \r\n        <div class=\"block-card_foot flex absolute top-0 left-0 w-full h-full items-end pointer-events-none !my-[0px] mt-0 mb-0\">\r\n\r\n            <div class=\"w-full px-3 py-4 sticky h-fit bottom-0 px-3 py-4 pointer-events-auto\">\r\n\r\n                \r\n                <div class=\"grid grid-cols-1\">\r\n\r\n                    <div class=\"block-head\">\r\n                        \r\n<div class=\" \">\r\n    <div class=\"block-head  \">\r\n\r\n        <a class='block w-fit hover:!underline !underline-offset-[25%] ' href='https:\/\/www.santacole.com\/es\/galeria-santa-cole\/galeria-santa-cole-ciudad-de-mexico\/'><p class=\"font-suisseIntl !font-book !text-[length:var(--sc-typography-body-md-font-size)] leading-[length:var(--sc-typography-body-md-line-height)] !m-0 indent-[0px] !text-[var(--color-sc-color-foreground)] pb-0 pr-0\">Galer\u00eda Santa &amp; Cole Ciudad de M\u00e9xico<\/p><\/a>\r\n                    <!-- Anidar opci\u00f3n de a\u00f1adir bloque de button -->\r\n            <!--<div class=\"acf-innerblocks-container\"><\/div>-->\r\n        \r\n        <!-- Nuevo (Block button dentro del block head -->\r\n        \r\n    <\/div>\r\n<\/div>\r\n\r\n                    <\/div>\r\n\r\n                    <div>\r\n                                            <\/div>\r\n\r\n                <\/div>\r\n\r\n            <\/div>\r\n\r\n        <\/div>\r\n\r\n    \r\n<\/div>\r\n<\/div>\n<\/div>\n<\/section>\n<\/div>\n<\/div>\n\n<section class=\"wp-block-group is-layout-constrained wp-container-core-group-is-layout-8d7683a0 wp-block-group-is-layout-constrained\" style=\"padding-top:0;padding-right:var(--wp--preset--spacing--md);padding-bottom:var(--wp--preset--spacing--rythm-sm);padding-left:var(--wp--preset--spacing--md)\">\n<div class=\"wp-block-columns is-layout-flex wp-container-core-columns-is-layout-28f84493 wp-block-columns-is-layout-flex\">\n<div class=\"wp-block-column is-layout-flow wp-block-column-is-layout-flow\" style=\"flex-basis:66.66%\">\r\n<div class=\" \">\r\n    <div class=\"block-head  \">\r\n\r\n        <h3 class=\"font-suisseIntl !font-thin !text-[length:var(--sc-typography-h4-font-size)] leading-[length:var(--sc-typography-h4-line-height)] !m-0 indent-[0px] !text-[var(--color-sc-color-foreground)] pb-4 pr-0\">Historias y noticias de Santa &amp; Cole<\/h3><div class=\"font-suisseIntl !font-normal !text-[length:var(--sc-typography-body-lg-font-size)] leading-[length:var(--sc-typography-body-lg-line-height)] !m-0 indent-[0px] !text-[var(--color-sc-color-foreground)] pb-4 pr-0\"><p>No s\u00f3lo actualizaciones: una invitaci\u00f3n a pertenecer. Nuestro bolet\u00edn es un espacio compartido donde reunimos productos, proyectos, eventos e historias para compartir con nuestra comunidad. <\/p>\n<\/div>\r\n                    <!-- Anidar opci\u00f3n de a\u00f1adir bloque de button -->\r\n            <!--<div class=\"acf-innerblocks-container\"><\/div>-->\r\n        \r\n        <!-- Nuevo (Block button dentro del block head -->\r\n        \r\n    <\/div>\r\n<\/div>\r\n\r\n<\/div>\n\n\n\n<div class=\"wp-block-column is-layout-flow wp-block-column-is-layout-flow\" style=\"padding-left:var(--wp--preset--spacing--rythm-md);flex-basis:33.33%\">\r\n\r\n    <a\r\n        class=\"flex items-center justify-center gap-1 sc-btn  sc-button-md sc-button-outline min-w-40\"\r\n        href=\"https:\/\/www.santacole.com\/es\/newsletter\/\" target=\"\"\r\n            >\r\n        \r\n        <span class=\"flex align-items-center px-1 \">\r\n            Suscr\u00edbase al bolet\u00edn        <\/span>\r\n\r\n            <\/a>\r\n\r\n<\/div>\n<\/div>\n<\/section>\n\n<section class=\"wp-block-group is-layout-constrained wp-block-group-is-layout-constrained\" style=\"padding-top:var(--wp--preset--spacing--xl);padding-bottom:var(--wp--preset--spacing--xl)\">\n<div class=\"wp-block-columns is-layout-flex wp-container-core-columns-is-layout-4288af41 wp-block-columns-is-layout-flex\" style=\"padding-top:var(--wp--preset--spacing--sm);padding-right:var(--wp--preset--spacing--md);padding-bottom:0;padding-left:var(--wp--preset--spacing--md)\">\n<div class=\"wp-block-column is-layout-flow wp-block-column-is-layout-flow\" style=\"flex-basis:66.66%\">\r\n<div class=\" \">\r\n    <div class=\"block-head  \">\r\n\r\n        <h3 class=\"font-suisseIntl !font-thin !text-[length:var(--sc-typography-h3-font-size)] leading-[length:var(--sc-typography-h3-line-height)] !m-0 indent-sc-spacing-padding-lg !text-[var(--color-sc-color-foreground)] pb-0 pr-0\">Creemos que el buen dise\u00f1o resiste el paso del tiempo. Trasciende las tendencias y los lugares: perdura. Guiados por la historia m\u00e1s que por la moda, y por la calidad antes que la cantidad, aspiramos a crear un mundo materialmente m\u00e1s sostenible.  <\/h3>\r\n                    <!-- Anidar opci\u00f3n de a\u00f1adir bloque de button -->\r\n            <!--<div class=\"acf-innerblocks-container\"><\/div>-->\r\n        \r\n        <!-- Nuevo (Block button dentro del block head -->\r\n        \r\n    <\/div>\r\n<\/div>\r\n\r\n<\/div>\n\n\n\n<div class=\"wp-block-column is-layout-flow wp-block-column-is-layout-flow\" style=\"flex-basis:33.33%\"><\/div>\n<\/div>\n\n\n\n<div class=\"wp-block-group is-nowrap is-layout-flex wp-container-core-group-is-layout-491e910d wp-block-group-is-layout-flex\" style=\"padding-right:var(--wp--preset--spacing--md);padding-left:var(--wp--preset--spacing--md)\">\r\n\r\n    <a\r\n        class=\"flex items-center justify-center gap-1 sc-btn  sc-button-sm sc-button-ghost\"\r\n        href=\"https:\/\/www.santacole.com\/es\/nosotros\/\" target=\"\"\r\n            >\r\n                    <i class=\"!text-base icon-arrow-up-right \"><\/i>\r\n        \r\n        <span class=\"flex align-items-center px-1 \">\r\n            Nosotros        <\/span>\r\n\r\n            <\/a>\r\n\r\n\n\n\r\n\r\n    <a\r\n        class=\"flex items-center justify-center gap-1 sc-btn  sc-button-sm sc-button-ghost\"\r\n        href=\"https:\/\/www.santacole.com\/es\/nosotros\/parc-de-belloch\/\" target=\"\"\r\n            >\r\n                    <i class=\"!text-base icon-arrow-up-right \"><\/i>\r\n        \r\n        <span class=\"flex align-items-center px-1 \">\r\n            Sede de Belloch        <\/span>\r\n\r\n            <\/a>\r\n\r\n<\/div>\n<\/section>\n","protected":false},"excerpt":{"rendered":"","protected":false},"author":1,"featured_media":0,"parent":47308,"menu_order":0,"comment_status":"closed","ping_status":"closed","template":"","meta":{"_acf_changed":false,"footnotes":""},"class_list":["post-3898","page","type-page","status-publish","hentry","entry"],"acf":[],"_links":{"self":[{"href":"https:\/\/www.santacole.com\/es\/wp-json\/wp\/v2\/pages\/3898","targetHints":{"allow":["GET"]}}],"collection":[{"href":"https:\/\/www.santacole.com\/es\/wp-json\/wp\/v2\/pages"}],"about":[{"href":"https:\/\/www.santacole.com\/es\/wp-json\/wp\/v2\/types\/page"}],"author":[{"embeddable":true,"href":"https:\/\/www.santacole.com\/es\/wp-json\/wp\/v2\/users\/1"}],"replies":[{"embeddable":true,"href":"https:\/\/www.santacole.com\/es\/wp-json\/wp\/v2\/comments?post=3898"}],"version-history":[{"count":3,"href":"https:\/\/www.santacole.com\/es\/wp-json\/wp\/v2\/pages\/3898\/revisions"}],"predecessor-version":[{"id":47276,"href":"https:\/\/www.santacole.com\/es\/wp-json\/wp\/v2\/pages\/3898\/revisions\/47276"}],"up":[{"embeddable":true,"href":"https:\/\/www.santacole.com\/es\/wp-json\/wp\/v2\/pages\/47308"}],"wp:attachment":[{"href":"https:\/\/www.santacole.com\/es\/wp-json\/wp\/v2\/media?parent=3898"}],"curies":[{"name":"wp","href":"https:\/\/api.w.org\/{rel}","templated":true}]}}