{"id":69508,"date":"2026-03-26T18:30:19","date_gmt":"2026-03-26T17:30:19","guid":{"rendered":"https:\/\/www.santacole.com\/en\/product\/lo-empece-en-primavera-y-lo-acabe-en-otono-N-00146\/"},"modified":"2026-03-26T18:30:36","modified_gmt":"2026-03-26T17:30:36","slug":"lo-empece-en-primavera-y-lo-acabe-en-otono-n-00146","status":"publish","type":"product","link":"https:\/\/www.santacole.com\/en\/art\/contemporary-neoseries\/lo-empece-en-primavera-y-lo-acabe-en-otono-n-00146\/","title":{"rendered":"Lo empec\u00e9 en primavera y lo acab\u00e9 en oto\u00f1o"},"content":{"rendered":"","protected":false},"excerpt":{"rendered":"<p>M\u00edriam Dema explores human connection through memory and shared intimacy, celebrating the beauty of the everyday and the ephemeral.<\/p>\n","protected":false},"featured_media":119009,"template":"","meta":{"_acf_changed":false},"product_collection":[],"product_family":[],"product_brand":[],"product_cat":[376,375],"product_tag":[],"class_list":{"0":"post-69508","1":"product","2":"type-product","3":"status-publish","4":"has-post-thumbnail","6":"product_cat-contemporary-neoseries","7":"product_cat-art","8":"product_shipping_class-contemporary-neoseries-en","9":"entry","11":"first","12":"instock","13":"taxable","14":"shipping-taxable","15":"product-type-simple"},"acf":[],"_links":{"self":[{"href":"https:\/\/www.santacole.com\/en\/wp-json\/wp\/v2\/product\/69508","targetHints":{"allow":["GET"]}}],"collection":[{"href":"https:\/\/www.santacole.com\/en\/wp-json\/wp\/v2\/product"}],"about":[{"href":"https:\/\/www.santacole.com\/en\/wp-json\/wp\/v2\/types\/product"}],"wp:featuredmedia":[{"embeddable":true,"href":"https:\/\/www.santacole.com\/en\/wp-json\/wp\/v2\/media\/119009"}],"wp:attachment":[{"href":"https:\/\/www.santacole.com\/en\/wp-json\/wp\/v2\/media?parent=69508"}],"wp:term":[{"taxonomy":"product_collection","embeddable":true,"href":"https:\/\/www.santacole.com\/en\/wp-json\/wp\/v2\/product_collection?post=69508"},{"taxonomy":"product_family","embeddable":true,"href":"https:\/\/www.santacole.com\/en\/wp-json\/wp\/v2\/product_family?post=69508"},{"taxonomy":"product_brand","embeddable":true,"href":"https:\/\/www.santacole.com\/en\/wp-json\/wp\/v2\/product_brand?post=69508"},{"taxonomy":"product_cat","embeddable":true,"href":"https:\/\/www.santacole.com\/en\/wp-json\/wp\/v2\/product_cat?post=69508"},{"taxonomy":"product_tag","embeddable":true,"href":"https:\/\/www.santacole.com\/en\/wp-json\/wp\/v2\/product_tag?post=69508"}],"curies":[{"name":"wp","href":"https:\/\/api.w.org\/{rel}","templated":true}]}}