{"id":69448,"date":"2026-03-26T18:26:48","date_gmt":"2026-03-26T17:26:48","guid":{"rendered":"https:\/\/www.santacole.com\/en\/product\/compania-N-00132\/"},"modified":"2026-03-26T18:27:03","modified_gmt":"2026-03-26T17:27:03","slug":"compania-n-00132","status":"publish","type":"product","link":"https:\/\/www.santacole.com\/en\/art\/contemporary-neoseries\/compania-n-00132\/","title":{"rendered":"Compa\u00f1\u00eda"},"content":{"rendered":"","protected":false},"excerpt":{"rendered":"<p>Carmen Galofr\u00e9 explores the human condition through emotional painting that blends figuration and abstraction, light and material.<\/p>\n","protected":false},"featured_media":118995,"template":"","meta":{"_acf_changed":false},"product_collection":[],"product_family":[],"product_brand":[],"product_cat":[376,375],"product_tag":[],"class_list":{"0":"post-69448","1":"product","2":"type-product","3":"status-publish","4":"has-post-thumbnail","6":"product_cat-contemporary-neoseries","7":"product_cat-art","8":"product_shipping_class-contemporary-neoseries-en","9":"entry","11":"first","12":"instock","13":"taxable","14":"shipping-taxable","15":"product-type-simple"},"acf":[],"_links":{"self":[{"href":"https:\/\/www.santacole.com\/en\/wp-json\/wp\/v2\/product\/69448","targetHints":{"allow":["GET"]}}],"collection":[{"href":"https:\/\/www.santacole.com\/en\/wp-json\/wp\/v2\/product"}],"about":[{"href":"https:\/\/www.santacole.com\/en\/wp-json\/wp\/v2\/types\/product"}],"wp:featuredmedia":[{"embeddable":true,"href":"https:\/\/www.santacole.com\/en\/wp-json\/wp\/v2\/media\/118995"}],"wp:attachment":[{"href":"https:\/\/www.santacole.com\/en\/wp-json\/wp\/v2\/media?parent=69448"}],"wp:term":[{"taxonomy":"product_collection","embeddable":true,"href":"https:\/\/www.santacole.com\/en\/wp-json\/wp\/v2\/product_collection?post=69448"},{"taxonomy":"product_family","embeddable":true,"href":"https:\/\/www.santacole.com\/en\/wp-json\/wp\/v2\/product_family?post=69448"},{"taxonomy":"product_brand","embeddable":true,"href":"https:\/\/www.santacole.com\/en\/wp-json\/wp\/v2\/product_brand?post=69448"},{"taxonomy":"product_cat","embeddable":true,"href":"https:\/\/www.santacole.com\/en\/wp-json\/wp\/v2\/product_cat?post=69448"},{"taxonomy":"product_tag","embeddable":true,"href":"https:\/\/www.santacole.com\/en\/wp-json\/wp\/v2\/product_tag?post=69448"}],"curies":[{"name":"wp","href":"https:\/\/api.w.org\/{rel}","templated":true}]}}