{"id":67818,"date":"2026-03-20T10:14:02","date_gmt":"2026-03-20T09:14:02","guid":{"rendered":"https:\/\/www.santacole.com\/uncategorized\/sisisi-conicas-largas-914\/"},"modified":"2026-03-20T15:11:05","modified_gmt":"2026-03-20T14:11:05","slug":"sisisi-conicas-largas-914","status":"publish","type":"product","link":"https:\/\/www.santacole.com\/en\/lighting\/pendant-lamps\/sisisi-conicas-largas-914\/","title":{"rendered":"S\u00eds\u00eds\u00ed C\u00f3nicas Largas"},"content":{"rendered":"","protected":false},"excerpt":{"rendered":"<p>Sewn parchment cones casting warm, vertical light. The foundational model that sparked a new, craft-driven approach to modern lighting.<\/p>\n","protected":false},"featured_media":107483,"template":"","meta":{"_acf_changed":false},"product_collection":[],"product_family":[1452],"product_brand":[],"product_cat":[158,129],"product_tag":[],"class_list":{"0":"post-67818","1":"product","2":"type-product","3":"status-publish","4":"has-post-thumbnail","6":"product_family-sistema-matricial-en","7":"product_cat-pendant-lamps","8":"product_cat-lighting","9":"entry","11":"first","12":"instock","13":"taxable","14":"shipping-taxable","15":"product-type-variable","16":"has-default-attributes"},"acf":[],"_links":{"self":[{"href":"https:\/\/www.santacole.com\/en\/wp-json\/wp\/v2\/product\/67818","targetHints":{"allow":["GET"]}}],"collection":[{"href":"https:\/\/www.santacole.com\/en\/wp-json\/wp\/v2\/product"}],"about":[{"href":"https:\/\/www.santacole.com\/en\/wp-json\/wp\/v2\/types\/product"}],"wp:featuredmedia":[{"embeddable":true,"href":"https:\/\/www.santacole.com\/en\/wp-json\/wp\/v2\/media\/107483"}],"wp:attachment":[{"href":"https:\/\/www.santacole.com\/en\/wp-json\/wp\/v2\/media?parent=67818"}],"wp:term":[{"taxonomy":"product_collection","embeddable":true,"href":"https:\/\/www.santacole.com\/en\/wp-json\/wp\/v2\/product_collection?post=67818"},{"taxonomy":"product_family","embeddable":true,"href":"https:\/\/www.santacole.com\/en\/wp-json\/wp\/v2\/product_family?post=67818"},{"taxonomy":"product_brand","embeddable":true,"href":"https:\/\/www.santacole.com\/en\/wp-json\/wp\/v2\/product_brand?post=67818"},{"taxonomy":"product_cat","embeddable":true,"href":"https:\/\/www.santacole.com\/en\/wp-json\/wp\/v2\/product_cat?post=67818"},{"taxonomy":"product_tag","embeddable":true,"href":"https:\/\/www.santacole.com\/en\/wp-json\/wp\/v2\/product_tag?post=67818"}],"curies":[{"name":"wp","href":"https:\/\/api.w.org\/{rel}","templated":true}]}}