{"id":20102,"date":"2025-11-26T16:17:35","date_gmt":"2025-11-26T15:17:35","guid":{"rendered":"https:\/\/www.santacole.com\/product\/poster-nina-maso-escoger-mirar-NINAM"},"modified":"2025-11-26T16:17:59","modified_gmt":"2025-11-26T15:17:59","slug":"poster-nina-maso-escoger-mirar-ninam","status":"publish","type":"product","link":"https:\/\/www.santacole.com\/en\/accessories\/all-accesories\/poster-nina-maso-escoger-mirar-ninam\/","title":{"rendered":"P\u00f3ster &#8216;Nina Mas\u00f3. Escoger, mirar&#8217;"},"content":{"rendered":"","protected":false},"excerpt":{"rendered":"<p>Recordando a Nina Mas\u00f3, editora y figura esencial en la constituci\u00f3n del alma de Santa &amp; Cole.<\/p>\n","protected":false},"featured_media":56139,"template":"","meta":{"_acf_changed":false},"product_collection":[],"product_family":[],"product_brand":[],"product_cat":[1527,415],"product_tag":[1534],"class_list":{"0":"post-20102","1":"product","2":"type-product","3":"status-publish","4":"has-post-thumbnail","6":"product_cat-all-accesories","7":"product_cat-accessories","8":"product_tag-available-soon-en","9":"entry","11":"first","12":"instock","13":"taxable","14":"shipping-taxable","15":"product-type-simple"},"acf":[],"_links":{"self":[{"href":"https:\/\/www.santacole.com\/en\/wp-json\/wp\/v2\/product\/20102","targetHints":{"allow":["GET"]}}],"collection":[{"href":"https:\/\/www.santacole.com\/en\/wp-json\/wp\/v2\/product"}],"about":[{"href":"https:\/\/www.santacole.com\/en\/wp-json\/wp\/v2\/types\/product"}],"wp:featuredmedia":[{"embeddable":true,"href":"https:\/\/www.santacole.com\/en\/wp-json\/wp\/v2\/media\/56139"}],"wp:attachment":[{"href":"https:\/\/www.santacole.com\/en\/wp-json\/wp\/v2\/media?parent=20102"}],"wp:term":[{"taxonomy":"product_collection","embeddable":true,"href":"https:\/\/www.santacole.com\/en\/wp-json\/wp\/v2\/product_collection?post=20102"},{"taxonomy":"product_family","embeddable":true,"href":"https:\/\/www.santacole.com\/en\/wp-json\/wp\/v2\/product_family?post=20102"},{"taxonomy":"product_brand","embeddable":true,"href":"https:\/\/www.santacole.com\/en\/wp-json\/wp\/v2\/product_brand?post=20102"},{"taxonomy":"product_cat","embeddable":true,"href":"https:\/\/www.santacole.com\/en\/wp-json\/wp\/v2\/product_cat?post=20102"},{"taxonomy":"product_tag","embeddable":true,"href":"https:\/\/www.santacole.com\/en\/wp-json\/wp\/v2\/product_tag?post=20102"}],"curies":[{"name":"wp","href":"https:\/\/api.w.org\/{rel}","templated":true}]}}