{"id":19492,"date":"2026-03-20T14:05:33","date_gmt":"2026-03-20T13:05:33","guid":{"rendered":"https:\/\/www.santacole.com\/product\/sisisi-conicas-planas-639"},"modified":"2026-03-20T15:11:26","modified_gmt":"2026-03-20T14:11:26","slug":"sisisi-conicas-planas-639","status":"publish","type":"product","link":"https:\/\/www.santacole.com\/en\/lighting\/pendant-lamps\/sisisi-conicas-planas-639\/","title":{"rendered":"S\u00eds\u00eds\u00ed C\u00f3nicas Planas"},"content":{"rendered":"","protected":false},"excerpt":{"rendered":"<p>An archetypal silhouette in warm parchment. Two finishes and a design that balances volume and lightness\u2014perfect for gatherings around the table.<\/p>\n","protected":false},"featured_media":109811,"template":"","meta":{"_acf_changed":false},"product_collection":[],"product_family":[1452],"product_brand":[],"product_cat":[158,129],"product_tag":[],"class_list":{"0":"post-19492","1":"product","2":"type-product","3":"status-publish","4":"has-post-thumbnail","6":"product_family-sistema-matricial-en","7":"product_cat-pendant-lamps","8":"product_cat-lighting","9":"entry","11":"first","12":"instock","13":"taxable","14":"shipping-taxable","15":"product-type-variable","16":"has-default-attributes"},"acf":[],"_links":{"self":[{"href":"https:\/\/www.santacole.com\/en\/wp-json\/wp\/v2\/product\/19492","targetHints":{"allow":["GET"]}}],"collection":[{"href":"https:\/\/www.santacole.com\/en\/wp-json\/wp\/v2\/product"}],"about":[{"href":"https:\/\/www.santacole.com\/en\/wp-json\/wp\/v2\/types\/product"}],"wp:featuredmedia":[{"embeddable":true,"href":"https:\/\/www.santacole.com\/en\/wp-json\/wp\/v2\/media\/109811"}],"wp:attachment":[{"href":"https:\/\/www.santacole.com\/en\/wp-json\/wp\/v2\/media?parent=19492"}],"wp:term":[{"taxonomy":"product_collection","embeddable":true,"href":"https:\/\/www.santacole.com\/en\/wp-json\/wp\/v2\/product_collection?post=19492"},{"taxonomy":"product_family","embeddable":true,"href":"https:\/\/www.santacole.com\/en\/wp-json\/wp\/v2\/product_family?post=19492"},{"taxonomy":"product_brand","embeddable":true,"href":"https:\/\/www.santacole.com\/en\/wp-json\/wp\/v2\/product_brand?post=19492"},{"taxonomy":"product_cat","embeddable":true,"href":"https:\/\/www.santacole.com\/en\/wp-json\/wp\/v2\/product_cat?post=19492"},{"taxonomy":"product_tag","embeddable":true,"href":"https:\/\/www.santacole.com\/en\/wp-json\/wp\/v2\/product_tag?post=19492"}],"curies":[{"name":"wp","href":"https:\/\/api.w.org\/{rel}","templated":true}]}}