{"id":19070,"date":"2026-03-25T10:36:40","date_gmt":"2026-03-25T09:36:40","guid":{"rendered":"https:\/\/www.santacole.com\/product\/basica-minima-bateria-593"},"modified":"2026-03-25T10:42:03","modified_gmt":"2026-03-25T09:42:03","slug":"basica-minima-bateria-593","status":"publish","type":"product","link":"https:\/\/www.santacole.com\/en\/lighting\/portable\/basica-minima-bateria-593\/","title":{"rendered":"B\u00e1sica M\u00ednima Bater\u00eda"},"content":{"rendered":"","protected":false},"excerpt":{"rendered":"<p>Portable version of B\u00e1sica M\u00ednima, itself the pocket edition of B\u00e1sica. Handcrafted shades on a birchwood body.<\/p>\n","protected":false},"featured_media":108747,"template":"","meta":{"_acf_changed":false},"product_collection":[],"product_family":[1452],"product_brand":[],"product_cat":[135,129,130],"product_tag":[],"class_list":{"0":"post-19070","1":"product","2":"type-product","3":"status-publish","4":"has-post-thumbnail","6":"product_family-sistema-matricial-en","7":"product_cat-portable","8":"product_cat-lighting","9":"product_cat-table-lamps","10":"entry","12":"first","13":"instock","14":"taxable","15":"shipping-taxable","16":"product-type-variable","17":"has-default-attributes"},"acf":[],"_links":{"self":[{"href":"https:\/\/www.santacole.com\/en\/wp-json\/wp\/v2\/product\/19070","targetHints":{"allow":["GET"]}}],"collection":[{"href":"https:\/\/www.santacole.com\/en\/wp-json\/wp\/v2\/product"}],"about":[{"href":"https:\/\/www.santacole.com\/en\/wp-json\/wp\/v2\/types\/product"}],"wp:featuredmedia":[{"embeddable":true,"href":"https:\/\/www.santacole.com\/en\/wp-json\/wp\/v2\/media\/108747"}],"wp:attachment":[{"href":"https:\/\/www.santacole.com\/en\/wp-json\/wp\/v2\/media?parent=19070"}],"wp:term":[{"taxonomy":"product_collection","embeddable":true,"href":"https:\/\/www.santacole.com\/en\/wp-json\/wp\/v2\/product_collection?post=19070"},{"taxonomy":"product_family","embeddable":true,"href":"https:\/\/www.santacole.com\/en\/wp-json\/wp\/v2\/product_family?post=19070"},{"taxonomy":"product_brand","embeddable":true,"href":"https:\/\/www.santacole.com\/en\/wp-json\/wp\/v2\/product_brand?post=19070"},{"taxonomy":"product_cat","embeddable":true,"href":"https:\/\/www.santacole.com\/en\/wp-json\/wp\/v2\/product_cat?post=19070"},{"taxonomy":"product_tag","embeddable":true,"href":"https:\/\/www.santacole.com\/en\/wp-json\/wp\/v2\/product_tag?post=19070"}],"curies":[{"name":"wp","href":"https:\/\/api.w.org\/{rel}","templated":true}]}}