{"id":18970,"date":"2026-04-22T05:04:07","date_gmt":"2026-04-22T03:04:07","guid":{"rendered":"https:\/\/www.santacole.com\/product\/sisisi-cilindricas-937"},"modified":"2026-04-22T05:23:41","modified_gmt":"2026-04-22T03:23:41","slug":"sisisi-cilindricas-937","status":"publish","type":"product","link":"https:\/\/www.santacole.com\/en\/lighting\/pendant-lamps\/sisisi-cilindricas-937\/","title":{"rendered":"S\u00eds\u00eds\u00ed Cil\u00edndricas"},"content":{"rendered":"","protected":false},"excerpt":{"rendered":"<p>Cylindrical variant of the S\u00eds\u00eds\u00ed system. Two sizes, up to five finishes, and a clear stand for warmth and craft.<\/p>\n","protected":false},"featured_media":121270,"template":"","meta":{"_acf_changed":false},"product_collection":[],"product_family":[1452],"product_brand":[],"product_cat":[158,129],"product_tag":[],"class_list":{"0":"post-18970","1":"product","2":"type-product","3":"status-publish","4":"has-post-thumbnail","6":"product_family-sistema-matricial-en","7":"product_cat-pendant-lamps","8":"product_cat-lighting","9":"entry","11":"first","12":"instock","13":"taxable","14":"shipping-taxable","15":"product-type-variable","16":"has-default-attributes"},"acf":[],"distributor_meta":false,"distributor_terms":false,"distributor_media":false,"distributor_original_site_name":"Santa &amp; Cole","distributor_original_site_url":"https:\/\/www.santacole.com\/en\/","push-errors":false,"_links":{"self":[{"href":"https:\/\/www.santacole.com\/en\/wp-json\/wp\/v2\/product\/18970","targetHints":{"allow":["GET"]}}],"collection":[{"href":"https:\/\/www.santacole.com\/en\/wp-json\/wp\/v2\/product"}],"about":[{"href":"https:\/\/www.santacole.com\/en\/wp-json\/wp\/v2\/types\/product"}],"wp:featuredmedia":[{"embeddable":true,"href":"https:\/\/www.santacole.com\/en\/wp-json\/wp\/v2\/media\/121270"}],"wp:attachment":[{"href":"https:\/\/www.santacole.com\/en\/wp-json\/wp\/v2\/media?parent=18970"}],"wp:term":[{"taxonomy":"product_collection","embeddable":true,"href":"https:\/\/www.santacole.com\/en\/wp-json\/wp\/v2\/product_collection?post=18970"},{"taxonomy":"product_family","embeddable":true,"href":"https:\/\/www.santacole.com\/en\/wp-json\/wp\/v2\/product_family?post=18970"},{"taxonomy":"product_brand","embeddable":true,"href":"https:\/\/www.santacole.com\/en\/wp-json\/wp\/v2\/product_brand?post=18970"},{"taxonomy":"product_cat","embeddable":true,"href":"https:\/\/www.santacole.com\/en\/wp-json\/wp\/v2\/product_cat?post=18970"},{"taxonomy":"product_tag","embeddable":true,"href":"https:\/\/www.santacole.com\/en\/wp-json\/wp\/v2\/product_tag?post=18970"}],"curies":[{"name":"wp","href":"https:\/\/api.w.org\/{rel}","templated":true}]}}