{"id":18708,"date":"2026-03-25T10:37:28","date_gmt":"2026-03-25T09:37:28","guid":{"rendered":"https:\/\/www.santacole.com\/product\/light-bulb-sc-dc-bulb"},"modified":"2026-03-25T10:37:28","modified_gmt":"2026-03-25T09:37:28","slug":"6syl01","status":"publish","type":"product","link":"https:\/\/www.santacole.com\/en\/spare-parts\/lighting-spare-parts\/6syl01\/","title":{"rendered":"Light bulb (S&amp;C DC bulb)"},"content":{"rendered":"<p>Spare part suitable only for Sylvestrina (for the version edited by Santa &amp; Cole from 2020) and B\u00e1sica M\u00ednima Bater\u00eda.<\/p>\n","protected":false},"excerpt":{"rendered":"<p>Spare part suitable only for Sylvestrina (for the version edited by Santa &amp; Cole from 2020) and B\u00e1sica M\u00ednima Bater\u00eda.<\/p>\n","protected":false},"featured_media":108668,"template":"","meta":{"_acf_changed":false},"product_collection":[],"product_family":[],"product_brand":[],"product_cat":[1386,172],"product_tag":[],"class_list":{"0":"post-18708","1":"product","2":"type-product","3":"status-publish","4":"has-post-thumbnail","6":"product_cat-lighting-spare-parts","7":"product_cat-spare-parts","8":"entry","10":"first","11":"instock","12":"taxable","13":"shipping-taxable","14":"product-type-simple"},"acf":[],"_links":{"self":[{"href":"https:\/\/www.santacole.com\/en\/wp-json\/wp\/v2\/product\/18708","targetHints":{"allow":["GET"]}}],"collection":[{"href":"https:\/\/www.santacole.com\/en\/wp-json\/wp\/v2\/product"}],"about":[{"href":"https:\/\/www.santacole.com\/en\/wp-json\/wp\/v2\/types\/product"}],"wp:featuredmedia":[{"embeddable":true,"href":"https:\/\/www.santacole.com\/en\/wp-json\/wp\/v2\/media\/108668"}],"wp:attachment":[{"href":"https:\/\/www.santacole.com\/en\/wp-json\/wp\/v2\/media?parent=18708"}],"wp:term":[{"taxonomy":"product_collection","embeddable":true,"href":"https:\/\/www.santacole.com\/en\/wp-json\/wp\/v2\/product_collection?post=18708"},{"taxonomy":"product_family","embeddable":true,"href":"https:\/\/www.santacole.com\/en\/wp-json\/wp\/v2\/product_family?post=18708"},{"taxonomy":"product_brand","embeddable":true,"href":"https:\/\/www.santacole.com\/en\/wp-json\/wp\/v2\/product_brand?post=18708"},{"taxonomy":"product_cat","embeddable":true,"href":"https:\/\/www.santacole.com\/en\/wp-json\/wp\/v2\/product_cat?post=18708"},{"taxonomy":"product_tag","embeddable":true,"href":"https:\/\/www.santacole.com\/en\/wp-json\/wp\/v2\/product_tag?post=18708"}],"curies":[{"name":"wp","href":"https:\/\/api.w.org\/{rel}","templated":true}]}}