{"id":12883,"date":"2026-04-01T05:09:42","date_gmt":"2026-04-01T03:09:42","guid":{"rendered":"https:\/\/www.santacole.com\/product\/cable-white-metallic-sisisi-canopy-textured-white-finish"},"modified":"2026-04-01T05:09:42","modified_gmt":"2026-04-01T03:09:42","slug":"sis21b","status":"publish","type":"product","link":"https:\/\/www.santacole.com\/en\/spare-parts\/lighting-spare-parts\/sis21b\/","title":{"rendered":"Cable white. Textured white finish metallic S\u00eds\u00eds\u00ed canopy."},"content":{"rendered":"","protected":false},"excerpt":{"rendered":"","protected":false},"featured_media":119510,"template":"","meta":{"_acf_changed":false},"product_collection":[],"product_family":[],"product_brand":[],"product_cat":[1386,172],"product_tag":[],"class_list":{"0":"post-12883","1":"product","2":"type-product","3":"status-publish","4":"has-post-thumbnail","6":"product_cat-lighting-spare-parts","7":"product_cat-spare-parts","8":"entry","10":"first","11":"instock","12":"taxable","13":"shipping-taxable","14":"product-type-simple"},"acf":[],"_links":{"self":[{"href":"https:\/\/www.santacole.com\/en\/wp-json\/wp\/v2\/product\/12883","targetHints":{"allow":["GET"]}}],"collection":[{"href":"https:\/\/www.santacole.com\/en\/wp-json\/wp\/v2\/product"}],"about":[{"href":"https:\/\/www.santacole.com\/en\/wp-json\/wp\/v2\/types\/product"}],"wp:featuredmedia":[{"embeddable":true,"href":"https:\/\/www.santacole.com\/en\/wp-json\/wp\/v2\/media\/119510"}],"wp:attachment":[{"href":"https:\/\/www.santacole.com\/en\/wp-json\/wp\/v2\/media?parent=12883"}],"wp:term":[{"taxonomy":"product_collection","embeddable":true,"href":"https:\/\/www.santacole.com\/en\/wp-json\/wp\/v2\/product_collection?post=12883"},{"taxonomy":"product_family","embeddable":true,"href":"https:\/\/www.santacole.com\/en\/wp-json\/wp\/v2\/product_family?post=12883"},{"taxonomy":"product_brand","embeddable":true,"href":"https:\/\/www.santacole.com\/en\/wp-json\/wp\/v2\/product_brand?post=12883"},{"taxonomy":"product_cat","embeddable":true,"href":"https:\/\/www.santacole.com\/en\/wp-json\/wp\/v2\/product_cat?post=12883"},{"taxonomy":"product_tag","embeddable":true,"href":"https:\/\/www.santacole.com\/en\/wp-json\/wp\/v2\/product_tag?post=12883"}],"curies":[{"name":"wp","href":"https:\/\/api.w.org\/{rel}","templated":true}]}}